{"id":11410,"date":"2016-12-05T16:27:32","date_gmt":"2016-12-05T16:27:32","guid":{"rendered":"https:\/\/consulting.vamtam.com\/?page_id=11410"},"modified":"2025-03-14T00:13:29","modified_gmt":"2025-03-14T00:13:29","slug":"about-us","status":"publish","type":"page","link":"https:\/\/teurona.com\/esp\/about-us\/","title":{"rendered":"Nosotros"},"content":{"rendered":"<div class=\"vgblk-rw-wrapper limit-wrapper\">\n<h2>\n\tSomos una empresa global y creemos\nen el fortalecimiento integral de organizaciones\n\t<\/h2>\n\t<h5>Lo hacemos a trav\u00e9s de la correcta implementaci\u00f3n de la \u00c9tica como centro de su negocio y actividades.\u00a0 <\/h5>\n\t\t\t\t\t\t\t<img decoding=\"async\" loading=\"lazy\" width=\"645\" height=\"512\" src=\"https:\/\/teurona.com\/wp-content\/uploads\/2021\/06\/lo-que-hacemos-1.png\" alt=\"Lo que hacemos\" itemprop=\"image\" title=\"lo-que-hacemos\" onerror=\"this.style.display='none'\"  sizes=\"auto, (max-width: 768px) 100vw, 100vw\" srcset=\"data:image\/svg+xml;utf8,&lt;svg%20xmlns=&quot;http:\/\/www.w3.org\/2000\/svg&quot;%20viewBox=&quot;0%200%20645%20512&quot;%20height=&quot;512px&quot;%20width=&quot;645px&quot;\/&gt;\" data-srcset=\"https:\/\/teurona.com\/wp-content\/uploads\/2021\/06\/lo-que-hacemos-1.png 645w, https:\/\/teurona.com\/wp-content\/uploads\/2021\/06\/lo-que-hacemos-1-300x238.png 300w, https:\/\/teurona.com\/wp-content\/uploads\/2021\/06\/lo-que-hacemos-1-315x250@2x.png 630w, https:\/\/teurona.com\/wp-content\/uploads\/2021\/06\/lo-que-hacemos-1-420x333.png 420w, https:\/\/teurona.com\/wp-content\/uploads\/2021\/06\/lo-que-hacemos-1-315x250.png 315w, https:\/\/teurona.com\/wp-content\/uploads\/2021\/06\/lo-que-hacemos-1-300x238@2x.png 600w\" \/>\t\t\t\t\t\t\t\n<h2>\n\t\tLo que hacemos\n\t<\/h2>\n\t<p><strong>Te ayudamos a promover un ambiente laboral saludable, productivo, y consciente para todo tu personal. <\/strong><\/p>\n<p>Dentro de un ambiente de negocios impredecible y un marco regulatorio cada vez m\u00e1s complejo, te ayudamos a enfrentar los riesgos de tu empresa a trav\u00e9s de la implementaci\u00f3n de una cultura que gira alrededor de la \u00e9tica, integridad y cumplimiento normativo. <\/p>\n\t\t\t<a href=\"https:\/\/teurona.com\/esp\/services-for-your-organization\/\" target=\"_self\" role=\"button\" rel=\"noopener\">\n\t\t\t\t\t\t\tExplora nuestros servicios\n\t\t\t\t\t<\/a>\n<h2>\n\tPor qu\u00e9 lo hacemos\n\t<\/h2>\n\t<p><strong>Estamos convencidos de que las pol\u00edticas comerciales y el cumplimiento pueden promoverse en un ambiente y cultura de trabajo que fomente la \u00e9tica, la integridad y la comunicaci\u00f3n abierta. <\/strong><\/p>\n<p>Queremos ayudar a su empresa a desarrollar y mejorar su cultura a trav\u00e9s de la integraci\u00f3n con nuestra plataforma todo en uno.<\/p>\n<p>People are the most valuable asset of your company. The moment you strengthen your employee&#8217;s capabilities, you develop a unique work environment that marks the difference in your industry.\u00a0<\/p>\n<p>La clave y soluci\u00f3n est\u00e1 en desarrollar una cultura \u00e9tica, transparente, integra y diversa que promueva una comunicaci\u00f3n abierta y trabajo en equipo. <\/p>\n<h2>\n\t\u00bfA\u00fan tienes preguntas?\n\t<\/h2>\n\t<p>D\u00e9janos tu informaci\u00f3n y nos pondremos en contacto contigo.<\/p>\n    Notice: JavaScript is required for this content.\n        <!-- TODO: Move to Template File. -->\n        \n<\/div><!-- .vgblk-rw-wrapper -->","protected":false},"excerpt":{"rendered":"<p>We are a global company and we believe in the integral strengthening of organizations. We do it through the right implementation of ethics as the core of your business and&#8230;<\/p>","protected":false},"author":1,"featured_media":0,"parent":0,"menu_order":0,"comment_status":"closed","ping_status":"closed","template":"","meta":{"inline_featured_image":false,"footnotes":""},"class_list":["post-11410","page","type-page","status-publish","hentry"],"yoast_head":"<!-- This site is optimized with the Yoast SEO plugin v27.6 - https:\/\/yoast.com\/product\/yoast-seo-wordpress\/ -->\n<title>About Us - Your ethic and compliance program in one place<\/title>\n<meta name=\"robots\" content=\"index, follow, max-snippet:-1, max-image-preview:large, max-video-preview:-1\" \/>\n<link rel=\"canonical\" href=\"https:\/\/teurona.com\/esp\/about-us\/\" \/>\n<meta property=\"og:locale\" content=\"es_ES\" \/>\n<meta property=\"og:type\" content=\"article\" \/>\n<meta property=\"og:title\" content=\"About Us - Your ethic and compliance program in one place\" \/>\n<meta property=\"og:description\" content=\"We are a global company and we believe in the integral strengthening of organizations. We do it through the right implementation of ethics as the core of your business and...\" \/>\n<meta property=\"og:url\" content=\"https:\/\/teurona.com\/esp\/about-us\/\" \/>\n<meta property=\"og:site_name\" content=\"Your ethic and compliance program in one place\" \/>\n<meta property=\"article:modified_time\" content=\"2025-03-14T00:13:29+00:00\" \/>\n<meta property=\"og:image\" content=\"http:\/\/localhost\/teurona\/wp-content\/uploads\/2021\/06\/lo-que-hacemos-1.png\" \/>\n<meta name=\"twitter:card\" content=\"summary_large_image\" \/>\n<meta name=\"twitter:label1\" content=\"Tiempo de lectura\" \/>\n\t<meta name=\"twitter:data1\" content=\"2 minutos\" \/>\n<script type=\"application\/ld+json\" class=\"yoast-schema-graph\">{\"@context\":\"https:\\\/\\\/schema.org\",\"@graph\":[{\"@type\":\"WebPage\",\"@id\":\"https:\\\/\\\/teurona.com\\\/about-us\\\/\",\"url\":\"https:\\\/\\\/teurona.com\\\/about-us\\\/\",\"name\":\"About Us - Your ethic and compliance program in one place\",\"isPartOf\":{\"@id\":\"https:\\\/\\\/teurona.com\\\/es\\\/#website\"},\"primaryImageOfPage\":{\"@id\":\"https:\\\/\\\/teurona.com\\\/about-us\\\/#primaryimage\"},\"image\":{\"@id\":\"https:\\\/\\\/teurona.com\\\/about-us\\\/#primaryimage\"},\"thumbnailUrl\":\"https:\\\/\\\/teurona.com\\\/wp-content\\\/uploads\\\/2021\\\/06\\\/lo-que-hacemos-1.png\",\"datePublished\":\"2016-12-05T16:27:32+00:00\",\"dateModified\":\"2025-03-14T00:13:29+00:00\",\"breadcrumb\":{\"@id\":\"https:\\\/\\\/teurona.com\\\/about-us\\\/#breadcrumb\"},\"inLanguage\":\"es\",\"potentialAction\":[{\"@type\":\"ReadAction\",\"target\":[\"https:\\\/\\\/teurona.com\\\/about-us\\\/\"]}]},{\"@type\":\"ImageObject\",\"inLanguage\":\"es\",\"@id\":\"https:\\\/\\\/teurona.com\\\/about-us\\\/#primaryimage\",\"url\":\"https:\\\/\\\/teurona.com\\\/wp-content\\\/uploads\\\/2021\\\/06\\\/lo-que-hacemos-1.png\",\"contentUrl\":\"https:\\\/\\\/teurona.com\\\/wp-content\\\/uploads\\\/2021\\\/06\\\/lo-que-hacemos-1.png\"},{\"@type\":\"BreadcrumbList\",\"@id\":\"https:\\\/\\\/teurona.com\\\/about-us\\\/#breadcrumb\",\"itemListElement\":[{\"@type\":\"ListItem\",\"position\":1,\"name\":\"Home\",\"item\":\"https:\\\/\\\/teurona.com\\\/\"},{\"@type\":\"ListItem\",\"position\":2,\"name\":\"About Us\"}]},{\"@type\":\"WebSite\",\"@id\":\"https:\\\/\\\/teurona.com\\\/es\\\/#website\",\"url\":\"https:\\\/\\\/teurona.com\\\/es\\\/\",\"name\":\"Your ethic and compliance program in one place\",\"description\":\"\",\"publisher\":{\"@id\":\"https:\\\/\\\/teurona.com\\\/es\\\/#organization\"},\"potentialAction\":[{\"@type\":\"SearchAction\",\"target\":{\"@type\":\"EntryPoint\",\"urlTemplate\":\"https:\\\/\\\/teurona.com\\\/es\\\/?s={search_term_string}\"},\"query-input\":{\"@type\":\"PropertyValueSpecification\",\"valueRequired\":true,\"valueName\":\"search_term_string\"}}],\"inLanguage\":\"es\"},{\"@type\":\"Organization\",\"@id\":\"https:\\\/\\\/teurona.com\\\/es\\\/#organization\",\"name\":\"Teurona\",\"url\":\"https:\\\/\\\/teurona.com\\\/es\\\/\",\"logo\":{\"@type\":\"ImageObject\",\"inLanguage\":\"es\",\"@id\":\"https:\\\/\\\/teurona.com\\\/es\\\/#\\\/schema\\\/logo\\\/image\\\/\",\"url\":\"https:\\\/\\\/teurona.com\\\/wp-content\\\/uploads\\\/2021\\\/06\\\/Teurona-Logo.svg\",\"contentUrl\":\"https:\\\/\\\/teurona.com\\\/wp-content\\\/uploads\\\/2021\\\/06\\\/Teurona-Logo.svg\",\"width\":198,\"height\":41,\"caption\":\"Teurona\"},\"image\":{\"@id\":\"https:\\\/\\\/teurona.com\\\/es\\\/#\\\/schema\\\/logo\\\/image\\\/\"}}]}<\/script>\n<!-- \/ Yoast SEO plugin. -->","yoast_head_json":{"title":"About Us - Your ethic and compliance program in one place","robots":{"index":"index","follow":"follow","max-snippet":"max-snippet:-1","max-image-preview":"max-image-preview:large","max-video-preview":"max-video-preview:-1"},"canonical":"https:\/\/teurona.com\/esp\/about-us\/","og_locale":"es_ES","og_type":"article","og_title":"About Us - Your ethic and compliance program in one place","og_description":"We are a global company and we believe in the integral strengthening of organizations. We do it through the right implementation of ethics as the core of your business and...","og_url":"https:\/\/teurona.com\/esp\/about-us\/","og_site_name":"Your ethic and compliance program in one place","article_modified_time":"2025-03-14T00:13:29+00:00","og_image":[{"url":"http:\/\/localhost\/teurona\/wp-content\/uploads\/2021\/06\/lo-que-hacemos-1.png","type":"","width":"","height":""}],"twitter_card":"summary_large_image","twitter_misc":{"Tiempo de lectura":"2 minutos"},"schema":{"@context":"https:\/\/schema.org","@graph":[{"@type":"WebPage","@id":"https:\/\/teurona.com\/about-us\/","url":"https:\/\/teurona.com\/about-us\/","name":"About Us - Your ethic and compliance program in one place","isPartOf":{"@id":"https:\/\/teurona.com\/es\/#website"},"primaryImageOfPage":{"@id":"https:\/\/teurona.com\/about-us\/#primaryimage"},"image":{"@id":"https:\/\/teurona.com\/about-us\/#primaryimage"},"thumbnailUrl":"https:\/\/teurona.com\/wp-content\/uploads\/2021\/06\/lo-que-hacemos-1.png","datePublished":"2016-12-05T16:27:32+00:00","dateModified":"2025-03-14T00:13:29+00:00","breadcrumb":{"@id":"https:\/\/teurona.com\/about-us\/#breadcrumb"},"inLanguage":"es","potentialAction":[{"@type":"ReadAction","target":["https:\/\/teurona.com\/about-us\/"]}]},{"@type":"ImageObject","inLanguage":"es","@id":"https:\/\/teurona.com\/about-us\/#primaryimage","url":"https:\/\/teurona.com\/wp-content\/uploads\/2021\/06\/lo-que-hacemos-1.png","contentUrl":"https:\/\/teurona.com\/wp-content\/uploads\/2021\/06\/lo-que-hacemos-1.png"},{"@type":"BreadcrumbList","@id":"https:\/\/teurona.com\/about-us\/#breadcrumb","itemListElement":[{"@type":"ListItem","position":1,"name":"Home","item":"https:\/\/teurona.com\/"},{"@type":"ListItem","position":2,"name":"About Us"}]},{"@type":"WebSite","@id":"https:\/\/teurona.com\/es\/#website","url":"https:\/\/teurona.com\/es\/","name":"Tu programa de \u00e9tica y cumplimiento en un solo lugar","description":"","publisher":{"@id":"https:\/\/teurona.com\/es\/#organization"},"potentialAction":[{"@type":"SearchAction","target":{"@type":"EntryPoint","urlTemplate":"https:\/\/teurona.com\/es\/?s={search_term_string}"},"query-input":{"@type":"PropertyValueSpecification","valueRequired":true,"valueName":"search_term_string"}}],"inLanguage":"es"},{"@type":"Organization","@id":"https:\/\/teurona.com\/es\/#organization","name":"Teurona","url":"https:\/\/teurona.com\/es\/","logo":{"@type":"ImageObject","inLanguage":"es","@id":"https:\/\/teurona.com\/es\/#\/schema\/logo\/image\/","url":"https:\/\/teurona.com\/wp-content\/uploads\/2021\/06\/Teurona-Logo.svg","contentUrl":"https:\/\/teurona.com\/wp-content\/uploads\/2021\/06\/Teurona-Logo.svg","width":198,"height":41,"caption":"Teurona"},"image":{"@id":"https:\/\/teurona.com\/es\/#\/schema\/logo\/image\/"}}]}},"_links":{"self":[{"href":"https:\/\/teurona.com\/esp\/wp-json\/wp\/v2\/pages\/11410","targetHints":{"allow":["GET"]}}],"collection":[{"href":"https:\/\/teurona.com\/esp\/wp-json\/wp\/v2\/pages"}],"about":[{"href":"https:\/\/teurona.com\/esp\/wp-json\/wp\/v2\/types\/page"}],"author":[{"embeddable":true,"href":"https:\/\/teurona.com\/esp\/wp-json\/wp\/v2\/users\/1"}],"replies":[{"embeddable":true,"href":"https:\/\/teurona.com\/esp\/wp-json\/wp\/v2\/comments?post=11410"}],"version-history":[{"count":16,"href":"https:\/\/teurona.com\/esp\/wp-json\/wp\/v2\/pages\/11410\/revisions"}],"predecessor-version":[{"id":988454,"href":"https:\/\/teurona.com\/esp\/wp-json\/wp\/v2\/pages\/11410\/revisions\/988454"}],"wp:attachment":[{"href":"https:\/\/teurona.com\/esp\/wp-json\/wp\/v2\/media?parent=11410"}],"curies":[{"name":"wp","href":"https:\/\/api.w.org\/{rel}","templated":true}]}}