{"id":987701,"date":"2021-06-16T16:05:59","date_gmt":"2021-06-16T16:05:59","guid":{"rendered":"https:\/\/teurona.com\/?page_id=987701"},"modified":"2022-02-17T14:19:48","modified_gmt":"2022-02-17T14:19:48","slug":"services-for-your-organization","status":"publish","type":"page","link":"https:\/\/teurona.com\/esp\/services-for-your-organization\/","title":{"rendered":"Servicios para tu organizaci\u00f3n"},"content":{"rendered":"<div class=\"vgblk-rw-wrapper limit-wrapper\">\n<h2>\n\t\tIntegra y fortalece la gesti\u00f3n de tus colaboradores\n\t<\/h2>\n\t<p>Teurona integra la administraci\u00f3n de tu programa de \u00c9tica y Cumplimiento empresarial y fortalece la gesti\u00f3n de tus colaboradores para de esta manera reducir riesgos en la organizaci\u00f3n.\u00a0<\/p>\n<p>\u00a1Maximiza el potencial e impacto de tu empresa en su industria!<\/p>\n\t\t\t<a href=\"https:\/\/teurona.com\/esp\/contact\/\" target=\"_self\" role=\"button\" rel=\"noopener\">\n\t\t\t\t\t\t\tSolicitar un demo\n\t\t\t\t\t<\/a>\n\t\t\t\t\t\t\t<img decoding=\"async\" loading=\"lazy\" width=\"681\" height=\"455\" src=\"https:\/\/teurona.com\/wp-content\/uploads\/2021\/06\/integrate-strengthens.png\" alt=\"Integrates and strengthens\" itemprop=\"image\" title=\"Integra y fortalece\" onerror=\"this.style.display='none'\"  sizes=\"auto, (max-width: 768px) 100vw, 100vw\" srcset=\"data:image\/svg+xml;utf8,&lt;svg%20xmlns=&quot;http:\/\/www.w3.org\/2000\/svg&quot;%20viewBox=&quot;0%200%20681%20455&quot;%20height=&quot;455px&quot;%20width=&quot;681px&quot;\/&gt;\" data-srcset=\"https:\/\/teurona.com\/wp-content\/uploads\/2021\/06\/integrate-strengthens.png 681w, https:\/\/teurona.com\/wp-content\/uploads\/2021\/06\/integrate-strengthens-300x200.png 300w, https:\/\/teurona.com\/wp-content\/uploads\/2021\/06\/integrate-strengthens-16x12.png 16w, https:\/\/teurona.com\/wp-content\/uploads\/2021\/06\/integrate-strengthens-315x210@2x.png 630w, https:\/\/teurona.com\/wp-content\/uploads\/2021\/06\/integrate-strengthens-420x281.png 420w, https:\/\/teurona.com\/wp-content\/uploads\/2021\/06\/integrate-strengthens-315x210.png 315w, https:\/\/teurona.com\/wp-content\/uploads\/2021\/06\/integrate-strengthens-300x200@2x.png 600w\" \/>\t\t\t\t\t\t\t\n<h2>\n\tLa mejor forma de capacitar e informar a tus colaboradores\n\t<\/h2>\n\t\t\tKnowledge Bases\t\t\n\t\t\tCampaigns and surveys\t\t\n\t\t\tNotifications\t\t\n\t\t\tTraining\t\t\n\t\t\t\t<p><img loading=\"lazy\" decoding=\"async\" src=\"https:\/\/teurona.com\/wp-content\/uploads\/2022\/02\/data-base-1024x604.png\" alt=\"Data Base\" width=\"1024\" height=\"604\" \/><\/p>\t\t\t\n\t\t\t\t<p><img loading=\"lazy\" decoding=\"async\" src=\"https:\/\/teurona.com\/wp-content\/uploads\/2022\/02\/campaignssurveys-1024x723.png\" alt=\"Campaigns surveys\" width=\"1024\" height=\"723\" \/><\/p>\t\t\t\n\t\t\t\t<p><img loading=\"lazy\" decoding=\"async\" src=\"https:\/\/teurona.com\/wp-content\/uploads\/2022\/01\/notification-1024x594.png\" alt=\"Notification\" width=\"1024\" height=\"594\" \/><\/p>\t\t\t\n\t\t\t\t<p><img loading=\"lazy\" decoding=\"async\" src=\"https:\/\/teurona.com\/wp-content\/uploads\/2022\/02\/course-1024x746.png\" alt=\"Training\" width=\"1024\" height=\"746\" \/><\/p>\t\t\t\n<h2>\n\tObt\u00e9n y gestiona la informaci\u00f3n de manera \u00e1gil para la toma de decisiones\n\t<\/h2>\n\t\t\tUsers Management\t\t\n\t\t\tCase Reports\t\t\n\t\t\tDashboards and Analytics\t\t\n\t\t\tIntranet + Ethics and Compliance\t\t\n\t\t\t\t<p><img loading=\"lazy\" decoding=\"async\" src=\"https:\/\/teurona.com\/wp-content\/uploads\/2022\/02\/useradmin-1024x563.png\" alt=\"User admin\" width=\"1024\" height=\"563\" \/><\/p>\t\t\t\n\t\t\t\t<p><img loading=\"lazy\" decoding=\"async\" src=\"https:\/\/teurona.com\/wp-content\/uploads\/2022\/02\/report-cases-1024x685.png\" alt=\"Cases Report\" width=\"1024\" height=\"685\" \/><\/p>\t\t\t\n\t\t\t\t<p><img loading=\"lazy\" decoding=\"async\" src=\"https:\/\/teurona.com\/wp-content\/uploads\/2022\/02\/dash-board-1024x752.png\" alt=\"Dashboard\" width=\"1024\" height=\"752\" \/><\/p>\t\t\t\n\t\t\t\t<p><img loading=\"lazy\" decoding=\"async\" src=\"https:\/\/teurona.com\/wp-content\/uploads\/2022\/01\/intra-net-1024x726.png\" alt=\"Intranet\" width=\"1024\" height=\"726\" \/><\/p>\t\t\t\n\t\t\t\t\t\t\t<img decoding=\"async\" loading=\"lazy\" width=\"227\" height=\"365\" src=\"https:\/\/teurona.com\/wp-content\/uploads\/2021\/06\/avatars-1-1.png\" alt=\"Avatars\" itemprop=\"image\" title=\"avatars-1\" onerror=\"this.style.display='none'\"  sizes=\"auto, (max-width: 768px) 100vw, 100vw\" srcset=\"data:image\/svg+xml;utf8,&lt;svg%20xmlns=&quot;http:\/\/www.w3.org\/2000\/svg&quot;%20viewBox=&quot;0%200%20227%20365&quot;%20height=&quot;365px&quot;%20width=&quot;227px&quot;\/&gt;\" data-srcset=\"https:\/\/teurona.com\/wp-content\/uploads\/2021\/06\/avatars-1-1.png 227w, https:\/\/teurona.com\/wp-content\/uploads\/2021\/06\/avatars-1-1-187x300.png 187w\" \/>\t\t\t\t\t\t\t\n<h2>\n\t\u00bfEst\u00e1s listo para revolucionar la cultura corporativa en tu empresa?\n\t<\/h2>\n\t<p>Contrata nuestro servicio a trav\u00e9s de uno de nuestros planes de acceso inmediato e ilimitado.<\/p>\n\t\t\t<a href=\"https:\/\/teurona.com\/esp\/plans-and-pricing\/\" target=\"_self\" role=\"button\" rel=\"noopener\">\n\t\t\t\t\t\t\tVer planes\n\t\t\t\t\t<\/a>\n\t\t\t<a href=\"https:\/\/teurona.com\/esp\/contact\/\" target=\"_self\" role=\"button\" rel=\"noopener\">\n\t\t\t\t\t\t\tSolicitar un demo\n\t\t\t\t\t<\/a>\n\t\t\t\t\t\t\t<img decoding=\"async\" loading=\"lazy\" src=\"https:\/\/teurona.com\/wp-content\/uploads\/2021\/12\/avatars-teurona.png\" alt=\"avatars teurona\" itemprop=\"image\" height=\"285\" width=\"170\" title=\"avatars-teurona\" onerror=\"this.style.display='none'\"  sizes=\"auto, (max-width: 768px) 100vw, 100vw\" srcset=\"data:image\/svg+xml;utf8,&lt;svg%20xmlns=&quot;http:\/\/www.w3.org\/2000\/svg&quot;%20viewBox=&quot;0%200%20170%20285&quot;%20height=&quot;285px&quot;%20width=&quot;170px&quot;\/&gt;\" data-srcset=\"https:\/\/teurona.com\/wp-content\/uploads\/2021\/12\/avatars-teurona.png 170w, https:\/\/teurona.com\/wp-content\/uploads\/2021\/12\/avatars-teurona-7x12.png 7w\" \/>\t\t\t\t\t\t\t\n<h2>\n\t\u00bfA\u00fan tienes preguntas?\n\t<\/h2>\n\t<p>D\u00e9janos tu informaci\u00f3n y nos pondremos en contacto contigo.<\/p>\n    Notice: JavaScript is required for this content.\n        <!-- TODO: Move to Template File. -->\n        \n<\/div><!-- .vgblk-rw-wrapper -->","protected":false},"excerpt":{"rendered":"<p>Integrate and strengthen your workforce management Teurona integrates the administration of your Ethics and Compliance program and strengthens the management of your workforce in order to reduce risks in your&#8230;<\/p>","protected":false},"author":1,"featured_media":0,"parent":0,"menu_order":0,"comment_status":"closed","ping_status":"closed","template":"","meta":{"inline_featured_image":false,"footnotes":""},"class_list":["post-987701","page","type-page","status-publish","hentry"],"yoast_head":"<!-- This site is optimized with the Yoast SEO plugin v27.6 - https:\/\/yoast.com\/product\/yoast-seo-wordpress\/ -->\n<title>Services for your organization - Your ethic and compliance program in one place<\/title>\n<meta name=\"robots\" content=\"index, follow, max-snippet:-1, max-image-preview:large, max-video-preview:-1\" \/>\n<link rel=\"canonical\" href=\"https:\/\/teurona.com\/esp\/services-for-your-organization\/\" \/>\n<meta property=\"og:locale\" content=\"es_ES\" \/>\n<meta property=\"og:type\" content=\"article\" \/>\n<meta property=\"og:title\" content=\"Services for your organization - Your ethic and compliance program in one place\" \/>\n<meta property=\"og:description\" content=\"Integrate and strengthen your workforce management Teurona integrates the administration of your Ethics and Compliance program and strengthens the management of your workforce in order to reduce risks in your...\" \/>\n<meta property=\"og:url\" content=\"https:\/\/teurona.com\/esp\/services-for-your-organization\/\" \/>\n<meta property=\"og:site_name\" content=\"Your ethic and compliance program in one place\" \/>\n<meta property=\"article:modified_time\" content=\"2022-02-17T14:19:48+00:00\" \/>\n<meta property=\"og:image\" content=\"http:\/\/localhost\/teurona\/wp-content\/uploads\/2021\/06\/integrate-strengthens.png\" \/>\n<meta name=\"twitter:card\" content=\"summary_large_image\" \/>\n<meta name=\"twitter:label1\" content=\"Tiempo de lectura\" \/>\n\t<meta name=\"twitter:data1\" content=\"2 minutos\" \/>\n<script type=\"application\/ld+json\" class=\"yoast-schema-graph\">{\"@context\":\"https:\\\/\\\/schema.org\",\"@graph\":[{\"@type\":\"WebPage\",\"@id\":\"https:\\\/\\\/teurona.com\\\/services-for-your-organization\\\/\",\"url\":\"https:\\\/\\\/teurona.com\\\/services-for-your-organization\\\/\",\"name\":\"Services for your organization - Your ethic and compliance program in one place\",\"isPartOf\":{\"@id\":\"https:\\\/\\\/teurona.com\\\/es\\\/#website\"},\"primaryImageOfPage\":{\"@id\":\"https:\\\/\\\/teurona.com\\\/services-for-your-organization\\\/#primaryimage\"},\"image\":{\"@id\":\"https:\\\/\\\/teurona.com\\\/services-for-your-organization\\\/#primaryimage\"},\"thumbnailUrl\":\"https:\\\/\\\/teurona.com\\\/wp-content\\\/uploads\\\/2021\\\/06\\\/integrate-strengthens.png\",\"datePublished\":\"2021-06-16T16:05:59+00:00\",\"dateModified\":\"2022-02-17T14:19:48+00:00\",\"breadcrumb\":{\"@id\":\"https:\\\/\\\/teurona.com\\\/services-for-your-organization\\\/#breadcrumb\"},\"inLanguage\":\"es\",\"potentialAction\":[{\"@type\":\"ReadAction\",\"target\":[\"https:\\\/\\\/teurona.com\\\/services-for-your-organization\\\/\"]}]},{\"@type\":\"ImageObject\",\"inLanguage\":\"es\",\"@id\":\"https:\\\/\\\/teurona.com\\\/services-for-your-organization\\\/#primaryimage\",\"url\":\"https:\\\/\\\/teurona.com\\\/wp-content\\\/uploads\\\/2021\\\/06\\\/integrate-strengthens.png\",\"contentUrl\":\"https:\\\/\\\/teurona.com\\\/wp-content\\\/uploads\\\/2021\\\/06\\\/integrate-strengthens.png\"},{\"@type\":\"BreadcrumbList\",\"@id\":\"https:\\\/\\\/teurona.com\\\/services-for-your-organization\\\/#breadcrumb\",\"itemListElement\":[{\"@type\":\"ListItem\",\"position\":1,\"name\":\"Home\",\"item\":\"https:\\\/\\\/teurona.com\\\/\"},{\"@type\":\"ListItem\",\"position\":2,\"name\":\"Services for your organization\"}]},{\"@type\":\"WebSite\",\"@id\":\"https:\\\/\\\/teurona.com\\\/es\\\/#website\",\"url\":\"https:\\\/\\\/teurona.com\\\/es\\\/\",\"name\":\"Your ethic and compliance program in one place\",\"description\":\"\",\"publisher\":{\"@id\":\"https:\\\/\\\/teurona.com\\\/es\\\/#organization\"},\"potentialAction\":[{\"@type\":\"SearchAction\",\"target\":{\"@type\":\"EntryPoint\",\"urlTemplate\":\"https:\\\/\\\/teurona.com\\\/es\\\/?s={search_term_string}\"},\"query-input\":{\"@type\":\"PropertyValueSpecification\",\"valueRequired\":true,\"valueName\":\"search_term_string\"}}],\"inLanguage\":\"es\"},{\"@type\":\"Organization\",\"@id\":\"https:\\\/\\\/teurona.com\\\/es\\\/#organization\",\"name\":\"Teurona\",\"url\":\"https:\\\/\\\/teurona.com\\\/es\\\/\",\"logo\":{\"@type\":\"ImageObject\",\"inLanguage\":\"es\",\"@id\":\"https:\\\/\\\/teurona.com\\\/es\\\/#\\\/schema\\\/logo\\\/image\\\/\",\"url\":\"https:\\\/\\\/teurona.com\\\/wp-content\\\/uploads\\\/2021\\\/06\\\/Teurona-Logo.svg\",\"contentUrl\":\"https:\\\/\\\/teurona.com\\\/wp-content\\\/uploads\\\/2021\\\/06\\\/Teurona-Logo.svg\",\"width\":198,\"height\":41,\"caption\":\"Teurona\"},\"image\":{\"@id\":\"https:\\\/\\\/teurona.com\\\/es\\\/#\\\/schema\\\/logo\\\/image\\\/\"}}]}<\/script>\n<!-- \/ Yoast SEO plugin. -->","yoast_head_json":{"title":"Services for your organization - Your ethic and compliance program in one place","robots":{"index":"index","follow":"follow","max-snippet":"max-snippet:-1","max-image-preview":"max-image-preview:large","max-video-preview":"max-video-preview:-1"},"canonical":"https:\/\/teurona.com\/esp\/services-for-your-organization\/","og_locale":"es_ES","og_type":"article","og_title":"Services for your organization - Your ethic and compliance program in one place","og_description":"Integrate and strengthen your workforce management Teurona integrates the administration of your Ethics and Compliance program and strengthens the management of your workforce in order to reduce risks in your...","og_url":"https:\/\/teurona.com\/esp\/services-for-your-organization\/","og_site_name":"Your ethic and compliance program in one place","article_modified_time":"2022-02-17T14:19:48+00:00","og_image":[{"url":"http:\/\/localhost\/teurona\/wp-content\/uploads\/2021\/06\/integrate-strengthens.png","type":"","width":"","height":""}],"twitter_card":"summary_large_image","twitter_misc":{"Tiempo de lectura":"2 minutos"},"schema":{"@context":"https:\/\/schema.org","@graph":[{"@type":"WebPage","@id":"https:\/\/teurona.com\/services-for-your-organization\/","url":"https:\/\/teurona.com\/services-for-your-organization\/","name":"Services for your organization - Your ethic and compliance program in one place","isPartOf":{"@id":"https:\/\/teurona.com\/es\/#website"},"primaryImageOfPage":{"@id":"https:\/\/teurona.com\/services-for-your-organization\/#primaryimage"},"image":{"@id":"https:\/\/teurona.com\/services-for-your-organization\/#primaryimage"},"thumbnailUrl":"https:\/\/teurona.com\/wp-content\/uploads\/2021\/06\/integrate-strengthens.png","datePublished":"2021-06-16T16:05:59+00:00","dateModified":"2022-02-17T14:19:48+00:00","breadcrumb":{"@id":"https:\/\/teurona.com\/services-for-your-organization\/#breadcrumb"},"inLanguage":"es","potentialAction":[{"@type":"ReadAction","target":["https:\/\/teurona.com\/services-for-your-organization\/"]}]},{"@type":"ImageObject","inLanguage":"es","@id":"https:\/\/teurona.com\/services-for-your-organization\/#primaryimage","url":"https:\/\/teurona.com\/wp-content\/uploads\/2021\/06\/integrate-strengthens.png","contentUrl":"https:\/\/teurona.com\/wp-content\/uploads\/2021\/06\/integrate-strengthens.png"},{"@type":"BreadcrumbList","@id":"https:\/\/teurona.com\/services-for-your-organization\/#breadcrumb","itemListElement":[{"@type":"ListItem","position":1,"name":"Home","item":"https:\/\/teurona.com\/"},{"@type":"ListItem","position":2,"name":"Services for your organization"}]},{"@type":"WebSite","@id":"https:\/\/teurona.com\/es\/#website","url":"https:\/\/teurona.com\/es\/","name":"Tu programa de \u00e9tica y cumplimiento en un solo lugar","description":"","publisher":{"@id":"https:\/\/teurona.com\/es\/#organization"},"potentialAction":[{"@type":"SearchAction","target":{"@type":"EntryPoint","urlTemplate":"https:\/\/teurona.com\/es\/?s={search_term_string}"},"query-input":{"@type":"PropertyValueSpecification","valueRequired":true,"valueName":"search_term_string"}}],"inLanguage":"es"},{"@type":"Organization","@id":"https:\/\/teurona.com\/es\/#organization","name":"Teurona","url":"https:\/\/teurona.com\/es\/","logo":{"@type":"ImageObject","inLanguage":"es","@id":"https:\/\/teurona.com\/es\/#\/schema\/logo\/image\/","url":"https:\/\/teurona.com\/wp-content\/uploads\/2021\/06\/Teurona-Logo.svg","contentUrl":"https:\/\/teurona.com\/wp-content\/uploads\/2021\/06\/Teurona-Logo.svg","width":198,"height":41,"caption":"Teurona"},"image":{"@id":"https:\/\/teurona.com\/es\/#\/schema\/logo\/image\/"}}]}},"_links":{"self":[{"href":"https:\/\/teurona.com\/esp\/wp-json\/wp\/v2\/pages\/987701","targetHints":{"allow":["GET"]}}],"collection":[{"href":"https:\/\/teurona.com\/esp\/wp-json\/wp\/v2\/pages"}],"about":[{"href":"https:\/\/teurona.com\/esp\/wp-json\/wp\/v2\/types\/page"}],"author":[{"embeddable":true,"href":"https:\/\/teurona.com\/esp\/wp-json\/wp\/v2\/users\/1"}],"replies":[{"embeddable":true,"href":"https:\/\/teurona.com\/esp\/wp-json\/wp\/v2\/comments?post=987701"}],"version-history":[{"count":33,"href":"https:\/\/teurona.com\/esp\/wp-json\/wp\/v2\/pages\/987701\/revisions"}],"predecessor-version":[{"id":988546,"href":"https:\/\/teurona.com\/esp\/wp-json\/wp\/v2\/pages\/987701\/revisions\/988546"}],"wp:attachment":[{"href":"https:\/\/teurona.com\/esp\/wp-json\/wp\/v2\/media?parent=987701"}],"curies":[{"name":"wp","href":"https:\/\/api.w.org\/{rel}","templated":true}]}}