{"id":987781,"date":"2021-06-16T21:05:03","date_gmt":"2021-06-16T21:05:03","guid":{"rendered":"http:\/\/localhost\/teurona\/?page_id=987781"},"modified":"2022-02-09T17:30:23","modified_gmt":"2022-02-09T17:30:23","slug":"learning-methodology-and-resources","status":"publish","type":"page","link":"https:\/\/teurona.com\/esp\/learning-methodology-and-resources\/","title":{"rendered":"Metodolog\u00eda de aprendizaje"},"content":{"rendered":"<div class=\"vgblk-rw-wrapper limit-wrapper\">\n<h2>\n\t\tAprendizaje Circular\n\t<\/h2>\n\t<p>During the learning process, the brain receives stimuli that connects the new knowledge with the previous one. This learning can evolve as long as it&#8217;s constant and reinforced.<\/p>\n\t<h4>Creemos en la educaci\u00f3n como uno de los principales pilares para el desarrollo constante y\nfortalecimiento de los colaboradores de una empresa.<\/h4>\n\t<p>La manera m\u00e1s efectiva para que este aprendizaje tenga un impacto relevante y positivo es a trav\u00e9s de combinar la educaci\u00f3n con la \u00e9tica.<\/p>\n\t<p>Nosotros llamamos a este concepto aprendizaje circular. Es un nuevo tipo de aprendizaje, el cual se enfoca en educaci\u00f3n con \u00e9tica y con conciencia, este aprendizaje desarrolla las capacidades de cada colaborador mientras al mismo tiempo fortalece a la organizaci\u00f3n. En aprendizaje circular un colaborador aprende, crece, y es un referente positivo para los dem\u00e1s. <\/p>\n\t\t\t\t\t\t\t<img decoding=\"async\" loading=\"lazy\" src=\"https:\/\/teurona.com\/wp-content\/uploads\/2021\/12\/CircularLearning.png\" alt=\"Circular Learning\" itemprop=\"image\" height=\"568\" width=\"601\" title=\"CircularLearning\" onerror=\"this.style.display='none'\"  sizes=\"auto, (max-width: 768px) 100vw, 100vw\" srcset=\"data:image\/svg+xml;utf8,&lt;svg%20xmlns=&quot;http:\/\/www.w3.org\/2000\/svg&quot;%20viewBox=&quot;0%200%20601%20568&quot;%20height=&quot;568px&quot;%20width=&quot;601px&quot;\/&gt;\" data-srcset=\"https:\/\/teurona.com\/wp-content\/uploads\/2021\/12\/CircularLearning.png 601w, https:\/\/teurona.com\/wp-content\/uploads\/2021\/12\/CircularLearning-300x284.png 300w, https:\/\/teurona.com\/wp-content\/uploads\/2021\/12\/CircularLearning-13x12.png 13w, https:\/\/teurona.com\/wp-content\/uploads\/2021\/12\/CircularLearning-420x397.png 420w, https:\/\/teurona.com\/wp-content\/uploads\/2021\/12\/CircularLearning-315x298.png 315w, https:\/\/teurona.com\/wp-content\/uploads\/2021\/12\/CircularLearning-300x284@2x.png 600w\" \/>\t\t\t\t\t\t\t\n<h2>\n\t\tMetodolog\u00eda de Capacitaci\u00f3n\n\t<\/h2>\n\t<p>Our platform includes a complete LMS-Learning Management System. This module allow your company to educate its employees on the most important concepts of Ethics and Compliance and create training programs to strengthen your business&#8217; operations in any required topic or concept.<\/p>\n<p>Implementamos nuestra propia metodolog\u00eda de aprendizaje, enfocada en microlearning con aprendizaje reforzado.\u00a0 Nuestro m\u00e9todo de capacitaci\u00f3n es \u00fanico, efectivo y eficiente.<\/p>\n\t\t\t<a href=\"https:\/\/teurona.com\/esp\/contact\/\" target=\"_self\" role=\"button\" rel=\"noopener\">\n\t\t\t\t\t\t\tSolicitar un demo\n\t\t\t\t\t<\/a>\n\t<h4>Desarrolla el aprendizaje y comprensi\u00f3n de tu personal, a trav\u00e9s de una plataforma que\nintegra todas sus funcionalidades.<\/h4>\n\t\t\t\t\t\t\t<img decoding=\"async\" loading=\"lazy\" src=\"https:\/\/teurona.com\/wp-content\/uploads\/2022\/02\/methodology-training.png\" alt=\"methodology-training\" itemprop=\"image\" height=\"972\" width=\"2344\" title=\"Metodolog\u00eda de capacitaci\u00f3n\" onerror=\"this.style.display='none'\"  sizes=\"auto, (max-width: 768px) 100vw, 100vw\" srcset=\"data:image\/svg+xml;utf8,&lt;svg%20xmlns=&quot;http:\/\/www.w3.org\/2000\/svg&quot;%20viewBox=&quot;0%200%202344%20972&quot;%20height=&quot;972px&quot;%20width=&quot;2344px&quot;\/&gt;\" data-srcset=\"https:\/\/teurona.com\/wp-content\/uploads\/2022\/02\/methodology-training.png 2344w, https:\/\/teurona.com\/wp-content\/uploads\/2022\/02\/methodology-training-300x124.png 300w, https:\/\/teurona.com\/wp-content\/uploads\/2022\/02\/methodology-training-1024x425.png 1024w, https:\/\/teurona.com\/wp-content\/uploads\/2022\/02\/methodology-training-1536x637.png 1536w, https:\/\/teurona.com\/wp-content\/uploads\/2022\/02\/methodology-training-2048x849.png 2048w, https:\/\/teurona.com\/wp-content\/uploads\/2022\/02\/methodology-training-18x7.png 18w, https:\/\/teurona.com\/wp-content\/uploads\/2022\/02\/methodology-training-630x261@2x.png 1260w, https:\/\/teurona.com\/wp-content\/uploads\/2022\/02\/methodology-training-315x131@2x.png 630w, https:\/\/teurona.com\/wp-content\/uploads\/2022\/02\/methodology-training-420x174.png 420w, https:\/\/teurona.com\/wp-content\/uploads\/2022\/02\/methodology-training-840x348.png 840w, https:\/\/teurona.com\/wp-content\/uploads\/2022\/02\/methodology-training-315x131.png 315w, https:\/\/teurona.com\/wp-content\/uploads\/2022\/02\/methodology-training-300x124@2x.png 600w, https:\/\/teurona.com\/wp-content\/uploads\/2022\/02\/methodology-training-840x348@2x.png 1680w\" \/>\t\t\t\t\t\t\t\n\t\t\t\t\t\t\t<img decoding=\"async\" loading=\"lazy\" src=\"https:\/\/teurona.com\/wp-content\/uploads\/2022\/02\/methodologycapacitacion-mobile.png\" alt=\"methodologycapacitacion-mobile\" itemprop=\"image\" height=\"2204\" width=\"1046\" title=\"methodologycapacitacion-mobile\" onerror=\"this.style.display='none'\"  sizes=\"auto, (max-width: 768px) 100vw, 100vw\" srcset=\"data:image\/svg+xml;utf8,&lt;svg%20xmlns=&quot;http:\/\/www.w3.org\/2000\/svg&quot;%20viewBox=&quot;0%200%201046%202204&quot;%20height=&quot;2204px&quot;%20width=&quot;1046px&quot;\/&gt;\" data-srcset=\"https:\/\/teurona.com\/wp-content\/uploads\/2022\/02\/methodologycapacitacion-mobile.png 1046w, https:\/\/teurona.com\/wp-content\/uploads\/2022\/02\/methodologycapacitacion-mobile-142x300.png 142w, https:\/\/teurona.com\/wp-content\/uploads\/2022\/02\/methodologycapacitacion-mobile-486x1024.png 486w, https:\/\/teurona.com\/wp-content\/uploads\/2022\/02\/methodologycapacitacion-mobile-729x1536.png 729w, https:\/\/teurona.com\/wp-content\/uploads\/2022\/02\/methodologycapacitacion-mobile-972x2048.png 972w, https:\/\/teurona.com\/wp-content\/uploads\/2022\/02\/methodologycapacitacion-mobile-6x12.png 6w, https:\/\/teurona.com\/wp-content\/uploads\/2022\/02\/methodologycapacitacion-mobile-315x664@2x.png 630w, https:\/\/teurona.com\/wp-content\/uploads\/2022\/02\/methodologycapacitacion-mobile-420x885.png 420w, https:\/\/teurona.com\/wp-content\/uploads\/2022\/02\/methodologycapacitacion-mobile-840x1770.png 840w, https:\/\/teurona.com\/wp-content\/uploads\/2022\/02\/methodologycapacitacion-mobile-315x664.png 315w, https:\/\/teurona.com\/wp-content\/uploads\/2022\/02\/methodologycapacitacion-mobile-142x300@2x.png 284w\" \/>\t\t\t\t\t\t\t\n<h2>\n\t\u00bfA\u00fan tienes preguntas?\n\t<\/h2>\n\t<p>D\u00e9janos tu informaci\u00f3n y nos pondremos en contacto contigo.<\/p>\n    Notice: JavaScript is required for this content.\n        <!-- TODO: Move to Template File. -->\n\t\t\t\t\t\t\t<img decoding=\"async\" loading=\"lazy\" width=\"227\" height=\"365\" src=\"https:\/\/teurona.com\/wp-content\/uploads\/2021\/06\/avatars-1-1.png\" alt=\"Avatars\" itemprop=\"image\" title=\"avatars-1\" onerror=\"this.style.display='none'\"  sizes=\"auto, (max-width: 768px) 100vw, 100vw\" srcset=\"data:image\/svg+xml;utf8,&lt;svg%20xmlns=&quot;http:\/\/www.w3.org\/2000\/svg&quot;%20viewBox=&quot;0%200%20227%20365&quot;%20height=&quot;365px&quot;%20width=&quot;227px&quot;\/&gt;\" data-srcset=\"https:\/\/teurona.com\/wp-content\/uploads\/2021\/06\/avatars-1-1.png 227w, https:\/\/teurona.com\/wp-content\/uploads\/2021\/06\/avatars-1-1-187x300.png 187w\" \/>\t\t\t\t\t\t\t\n<h2>\n\t\u00bfEst\u00e1s listo para revolucionar la cultura corporativa en tu empresa?\n\t<\/h2>\n\t<p>Contrata nuestro servicio a trav\u00e9s de uno de nuestros planes de acceso inmediato e ilimitado.<\/p>\n\t\t\t<a href=\"https:\/\/teurona.com\/esp\/plans-and-pricing\/\" target=\"_self\" role=\"button\" rel=\"noopener\">\n\t\t\t\t\t\t\tVer planes\n\t\t\t\t\t<\/a>\n\t\t\t<a href=\"https:\/\/teurona.com\/esp\/contact\/\" target=\"_self\" role=\"button\" rel=\"noopener\">\n\t\t\t\t\t\t\tSolicitar un demo\n\t\t\t\t\t<\/a>\n\t\t\t\t\t\t\t<img decoding=\"async\" loading=\"lazy\" src=\"https:\/\/teurona.com\/wp-content\/uploads\/2021\/12\/avatars-teurona.png\" alt=\"avatars teurona\" itemprop=\"image\" height=\"285\" width=\"170\" title=\"avatars-teurona\" onerror=\"this.style.display='none'\"  sizes=\"auto, (max-width: 768px) 100vw, 100vw\" srcset=\"data:image\/svg+xml;utf8,&lt;svg%20xmlns=&quot;http:\/\/www.w3.org\/2000\/svg&quot;%20viewBox=&quot;0%200%20170%20285&quot;%20height=&quot;285px&quot;%20width=&quot;170px&quot;\/&gt;\" data-srcset=\"https:\/\/teurona.com\/wp-content\/uploads\/2021\/12\/avatars-teurona.png 170w, https:\/\/teurona.com\/wp-content\/uploads\/2021\/12\/avatars-teurona-7x12.png 7w\" \/>\t\t\t\t\t\t\t\n\n<\/div><!-- .vgblk-rw-wrapper -->","protected":false},"excerpt":{"rendered":"<p>Circular Learning During the learning process, the brain receives stimuli that connects the new knowledge with the previous one. This learning can evolve as long as it&#8217;s constant and reinforced&#8230;.<\/p>","protected":false},"author":1,"featured_media":0,"parent":0,"menu_order":0,"comment_status":"closed","ping_status":"closed","template":"","meta":{"inline_featured_image":false,"footnotes":""},"class_list":["post-987781","page","type-page","status-publish","hentry"],"yoast_head":"<!-- This site is optimized with the Yoast SEO plugin v27.6 - https:\/\/yoast.com\/product\/yoast-seo-wordpress\/ -->\n<title>Learning methodology and resources - Your ethic and compliance program in one place<\/title>\n<meta name=\"robots\" content=\"index, follow, max-snippet:-1, max-image-preview:large, max-video-preview:-1\" \/>\n<link rel=\"canonical\" href=\"https:\/\/teurona.com\/esp\/learning-methodology-and-resources\/\" \/>\n<meta property=\"og:locale\" content=\"es_ES\" \/>\n<meta property=\"og:type\" content=\"article\" \/>\n<meta property=\"og:title\" content=\"Learning methodology and resources - Your ethic and compliance program in one place\" \/>\n<meta property=\"og:description\" content=\"Circular Learning During the learning process, the brain receives stimuli that connects the new knowledge with the previous one. This learning can evolve as long as it&#8217;s constant and reinforced....\" \/>\n<meta property=\"og:url\" content=\"https:\/\/teurona.com\/esp\/learning-methodology-and-resources\/\" \/>\n<meta property=\"og:site_name\" content=\"Your ethic and compliance program in one place\" \/>\n<meta property=\"article:modified_time\" content=\"2022-02-09T17:30:23+00:00\" \/>\n<meta property=\"og:image\" content=\"https:\/\/teurona.com\/wp-content\/uploads\/2021\/12\/CircularLearning.png\" \/>\n<meta name=\"twitter:card\" content=\"summary_large_image\" \/>\n<meta name=\"twitter:label1\" content=\"Tiempo de lectura\" \/>\n\t<meta name=\"twitter:data1\" content=\"3 minutos\" \/>\n<script type=\"application\/ld+json\" class=\"yoast-schema-graph\">{\"@context\":\"https:\\\/\\\/schema.org\",\"@graph\":[{\"@type\":\"WebPage\",\"@id\":\"https:\\\/\\\/teurona.com\\\/learning-methodology-and-resources\\\/\",\"url\":\"https:\\\/\\\/teurona.com\\\/learning-methodology-and-resources\\\/\",\"name\":\"Learning methodology and resources - Your ethic and compliance program in one place\",\"isPartOf\":{\"@id\":\"https:\\\/\\\/teurona.com\\\/es\\\/#website\"},\"primaryImageOfPage\":{\"@id\":\"https:\\\/\\\/teurona.com\\\/learning-methodology-and-resources\\\/#primaryimage\"},\"image\":{\"@id\":\"https:\\\/\\\/teurona.com\\\/learning-methodology-and-resources\\\/#primaryimage\"},\"thumbnailUrl\":\"https:\\\/\\\/teurona.com\\\/wp-content\\\/uploads\\\/2021\\\/12\\\/CircularLearning.png\",\"datePublished\":\"2021-06-16T21:05:03+00:00\",\"dateModified\":\"2022-02-09T17:30:23+00:00\",\"breadcrumb\":{\"@id\":\"https:\\\/\\\/teurona.com\\\/learning-methodology-and-resources\\\/#breadcrumb\"},\"inLanguage\":\"es\",\"potentialAction\":[{\"@type\":\"ReadAction\",\"target\":[\"https:\\\/\\\/teurona.com\\\/learning-methodology-and-resources\\\/\"]}]},{\"@type\":\"ImageObject\",\"inLanguage\":\"es\",\"@id\":\"https:\\\/\\\/teurona.com\\\/learning-methodology-and-resources\\\/#primaryimage\",\"url\":\"https:\\\/\\\/teurona.com\\\/wp-content\\\/uploads\\\/2021\\\/12\\\/CircularLearning.png\",\"contentUrl\":\"https:\\\/\\\/teurona.com\\\/wp-content\\\/uploads\\\/2021\\\/12\\\/CircularLearning.png\"},{\"@type\":\"BreadcrumbList\",\"@id\":\"https:\\\/\\\/teurona.com\\\/learning-methodology-and-resources\\\/#breadcrumb\",\"itemListElement\":[{\"@type\":\"ListItem\",\"position\":1,\"name\":\"Home\",\"item\":\"https:\\\/\\\/teurona.com\\\/\"},{\"@type\":\"ListItem\",\"position\":2,\"name\":\"Learning methodology and resources\"}]},{\"@type\":\"WebSite\",\"@id\":\"https:\\\/\\\/teurona.com\\\/es\\\/#website\",\"url\":\"https:\\\/\\\/teurona.com\\\/es\\\/\",\"name\":\"Your ethic and compliance program in one place\",\"description\":\"\",\"publisher\":{\"@id\":\"https:\\\/\\\/teurona.com\\\/es\\\/#organization\"},\"potentialAction\":[{\"@type\":\"SearchAction\",\"target\":{\"@type\":\"EntryPoint\",\"urlTemplate\":\"https:\\\/\\\/teurona.com\\\/es\\\/?s={search_term_string}\"},\"query-input\":{\"@type\":\"PropertyValueSpecification\",\"valueRequired\":true,\"valueName\":\"search_term_string\"}}],\"inLanguage\":\"es\"},{\"@type\":\"Organization\",\"@id\":\"https:\\\/\\\/teurona.com\\\/es\\\/#organization\",\"name\":\"Teurona\",\"url\":\"https:\\\/\\\/teurona.com\\\/es\\\/\",\"logo\":{\"@type\":\"ImageObject\",\"inLanguage\":\"es\",\"@id\":\"https:\\\/\\\/teurona.com\\\/es\\\/#\\\/schema\\\/logo\\\/image\\\/\",\"url\":\"https:\\\/\\\/teurona.com\\\/wp-content\\\/uploads\\\/2021\\\/06\\\/Teurona-Logo.svg\",\"contentUrl\":\"https:\\\/\\\/teurona.com\\\/wp-content\\\/uploads\\\/2021\\\/06\\\/Teurona-Logo.svg\",\"width\":198,\"height\":41,\"caption\":\"Teurona\"},\"image\":{\"@id\":\"https:\\\/\\\/teurona.com\\\/es\\\/#\\\/schema\\\/logo\\\/image\\\/\"}}]}<\/script>\n<!-- \/ Yoast SEO plugin. -->","yoast_head_json":{"title":"Learning methodology and resources - Your ethic and compliance program in one place","robots":{"index":"index","follow":"follow","max-snippet":"max-snippet:-1","max-image-preview":"max-image-preview:large","max-video-preview":"max-video-preview:-1"},"canonical":"https:\/\/teurona.com\/esp\/learning-methodology-and-resources\/","og_locale":"es_ES","og_type":"article","og_title":"Learning methodology and resources - Your ethic and compliance program in one place","og_description":"Circular Learning During the learning process, the brain receives stimuli that connects the new knowledge with the previous one. This learning can evolve as long as it&#8217;s constant and reinforced....","og_url":"https:\/\/teurona.com\/esp\/learning-methodology-and-resources\/","og_site_name":"Your ethic and compliance program in one place","article_modified_time":"2022-02-09T17:30:23+00:00","og_image":[{"url":"https:\/\/teurona.com\/wp-content\/uploads\/2021\/12\/CircularLearning.png","type":"","width":"","height":""}],"twitter_card":"summary_large_image","twitter_misc":{"Tiempo de lectura":"3 minutos"},"schema":{"@context":"https:\/\/schema.org","@graph":[{"@type":"WebPage","@id":"https:\/\/teurona.com\/learning-methodology-and-resources\/","url":"https:\/\/teurona.com\/learning-methodology-and-resources\/","name":"Learning methodology and resources - Your ethic and compliance program in one place","isPartOf":{"@id":"https:\/\/teurona.com\/es\/#website"},"primaryImageOfPage":{"@id":"https:\/\/teurona.com\/learning-methodology-and-resources\/#primaryimage"},"image":{"@id":"https:\/\/teurona.com\/learning-methodology-and-resources\/#primaryimage"},"thumbnailUrl":"https:\/\/teurona.com\/wp-content\/uploads\/2021\/12\/CircularLearning.png","datePublished":"2021-06-16T21:05:03+00:00","dateModified":"2022-02-09T17:30:23+00:00","breadcrumb":{"@id":"https:\/\/teurona.com\/learning-methodology-and-resources\/#breadcrumb"},"inLanguage":"es","potentialAction":[{"@type":"ReadAction","target":["https:\/\/teurona.com\/learning-methodology-and-resources\/"]}]},{"@type":"ImageObject","inLanguage":"es","@id":"https:\/\/teurona.com\/learning-methodology-and-resources\/#primaryimage","url":"https:\/\/teurona.com\/wp-content\/uploads\/2021\/12\/CircularLearning.png","contentUrl":"https:\/\/teurona.com\/wp-content\/uploads\/2021\/12\/CircularLearning.png"},{"@type":"BreadcrumbList","@id":"https:\/\/teurona.com\/learning-methodology-and-resources\/#breadcrumb","itemListElement":[{"@type":"ListItem","position":1,"name":"Home","item":"https:\/\/teurona.com\/"},{"@type":"ListItem","position":2,"name":"Learning methodology and resources"}]},{"@type":"WebSite","@id":"https:\/\/teurona.com\/es\/#website","url":"https:\/\/teurona.com\/es\/","name":"Tu programa de \u00e9tica y cumplimiento en un solo lugar","description":"","publisher":{"@id":"https:\/\/teurona.com\/es\/#organization"},"potentialAction":[{"@type":"SearchAction","target":{"@type":"EntryPoint","urlTemplate":"https:\/\/teurona.com\/es\/?s={search_term_string}"},"query-input":{"@type":"PropertyValueSpecification","valueRequired":true,"valueName":"search_term_string"}}],"inLanguage":"es"},{"@type":"Organization","@id":"https:\/\/teurona.com\/es\/#organization","name":"Teurona","url":"https:\/\/teurona.com\/es\/","logo":{"@type":"ImageObject","inLanguage":"es","@id":"https:\/\/teurona.com\/es\/#\/schema\/logo\/image\/","url":"https:\/\/teurona.com\/wp-content\/uploads\/2021\/06\/Teurona-Logo.svg","contentUrl":"https:\/\/teurona.com\/wp-content\/uploads\/2021\/06\/Teurona-Logo.svg","width":198,"height":41,"caption":"Teurona"},"image":{"@id":"https:\/\/teurona.com\/es\/#\/schema\/logo\/image\/"}}]}},"_links":{"self":[{"href":"https:\/\/teurona.com\/esp\/wp-json\/wp\/v2\/pages\/987781","targetHints":{"allow":["GET"]}}],"collection":[{"href":"https:\/\/teurona.com\/esp\/wp-json\/wp\/v2\/pages"}],"about":[{"href":"https:\/\/teurona.com\/esp\/wp-json\/wp\/v2\/types\/page"}],"author":[{"embeddable":true,"href":"https:\/\/teurona.com\/esp\/wp-json\/wp\/v2\/users\/1"}],"replies":[{"embeddable":true,"href":"https:\/\/teurona.com\/esp\/wp-json\/wp\/v2\/comments?post=987781"}],"version-history":[{"count":27,"href":"https:\/\/teurona.com\/esp\/wp-json\/wp\/v2\/pages\/987781\/revisions"}],"predecessor-version":[{"id":988534,"href":"https:\/\/teurona.com\/esp\/wp-json\/wp\/v2\/pages\/987781\/revisions\/988534"}],"wp:attachment":[{"href":"https:\/\/teurona.com\/esp\/wp-json\/wp\/v2\/media?parent=987781"}],"curies":[{"name":"wp","href":"https:\/\/api.w.org\/{rel}","templated":true}]}}