{"id":987787,"date":"2021-06-16T21:32:42","date_gmt":"2021-06-16T21:32:42","guid":{"rendered":"http:\/\/localhost\/teurona\/?page_id=987787"},"modified":"2022-02-02T18:27:56","modified_gmt":"2022-02-02T18:27:56","slug":"partners","status":"publish","type":"page","link":"https:\/\/teurona.com\/esp\/partners\/","title":{"rendered":"Partners"},"content":{"rendered":"<div class=\"vgblk-rw-wrapper limit-wrapper\">\n<h2>\n\t\tUn ecosistema en crecimiento\n\t<\/h2>\n\t<p>Teurona trabaja con profesionales l\u00edderes en su industria para implementar un programa\ncompleto de \u00e9tica y cumplimiento:<\/p>\n\t\t\t\t\t\t\t<img decoding=\"async\" loading=\"lazy\" src=\"https:\/\/teurona.com\/wp-content\/uploads\/2021\/12\/iconlegal.png\" alt=\"Legal Advice\" itemprop=\"image\" height=\"68\" width=\"68\" title=\"iconlegal\" onerror=\"this.style.display='none'\"  sizes=\"auto, (max-width: 768px) 100vw, 100vw\" srcset=\"data:image\/svg+xml;utf8,&lt;svg%20xmlns=&quot;http:\/\/www.w3.org\/2000\/svg&quot;%20viewBox=&quot;0%200%2068%2068&quot;%20height=&quot;68px&quot;%20width=&quot;68px&quot;\/&gt;\" data-srcset=\"https:\/\/teurona.com\/wp-content\/uploads\/2021\/12\/iconlegal.png 68w, https:\/\/teurona.com\/wp-content\/uploads\/2021\/12\/iconlegal-12x12.png 12w\" \/>\t\t\t\t\t\t\t\n\t<p>Asesor\u00eda legal para la implementaci\u00f3n de programas de E&amp;C y el cumplimiento de las regulaciones locales y regionales<\/p>\n\t\t\t\t\t\t\t<img decoding=\"async\" loading=\"lazy\" src=\"https:\/\/teurona.com\/wp-content\/uploads\/2021\/12\/icono-segurity.png\" alt=\"occupational security\" itemprop=\"image\" height=\"68\" width=\"68\" title=\"icono-segurity\" onerror=\"this.style.display='none'\"  sizes=\"auto, (max-width: 768px) 100vw, 100vw\" srcset=\"data:image\/svg+xml;utf8,&lt;svg%20xmlns=&quot;http:\/\/www.w3.org\/2000\/svg&quot;%20viewBox=&quot;0%200%2068%2068&quot;%20height=&quot;68px&quot;%20width=&quot;68px&quot;\/&gt;\" data-srcset=\"https:\/\/teurona.com\/wp-content\/uploads\/2021\/12\/icono-segurity.png 68w, https:\/\/teurona.com\/wp-content\/uploads\/2021\/12\/icono-segurity-12x12.png 12w\" \/>\t\t\t\t\t\t\t\n\t<p>Administraci\u00f3n y gesti\u00f3n para seguridad ocupacional<\/p>\n\t\t\t\t\t\t\t<img decoding=\"async\" loading=\"lazy\" src=\"https:\/\/teurona.com\/wp-content\/uploads\/2021\/12\/icono-content.png\" alt=\"content development\" itemprop=\"image\" height=\"68\" width=\"68\" title=\"icono-content\" onerror=\"this.style.display='none'\"  sizes=\"auto, (max-width: 768px) 100vw, 100vw\" srcset=\"data:image\/svg+xml;utf8,&lt;svg%20xmlns=&quot;http:\/\/www.w3.org\/2000\/svg&quot;%20viewBox=&quot;0%200%2068%2068&quot;%20height=&quot;68px&quot;%20width=&quot;68px&quot;\/&gt;\" data-srcset=\"https:\/\/teurona.com\/wp-content\/uploads\/2021\/12\/icono-content.png 68w, https:\/\/teurona.com\/wp-content\/uploads\/2021\/12\/icono-content-12x12.png 12w\" \/>\t\t\t\t\t\t\t\n\t<p>Desarrollo de contenido para industrias espec\u00edficas o requisitos personalizados<\/p>\n<h2>\n\t\tCertificaci\u00f3n \u00c9tica y Cumplimiento\n\t<\/h2>\n\t<p>\u00bfEst\u00e1 tu empresa lista para ser l\u00edder internacional en su industria?<\/p>\n<p>Certif\u00edcate con nosotros y convi\u00e9rtete en un l\u00edder y global:<\/p>\n\u25cf Improve your company\u00b4s culture<br \/>\n\u25cf Reduce risks<br \/>\n\u25cf Strengthen your employees commitment with the company<br \/>\n\u25cf Attract the best talent<br \/>\n\u25cf Improve your reputation\n<p>&nbsp;<\/p>\n\t\t\t<a href=\"https:\/\/teurona.com\/esp\/contact\/\" target=\"_self\" role=\"button\" rel=\"noopener\">\n\t\t\t\t\t\t\tQuiero certificarme\n\t\t\t\t\t<\/a>\n\t\t\t\t\t\t\t<img decoding=\"async\" loading=\"lazy\" src=\"https:\/\/teurona.com\/wp-content\/uploads\/2022\/02\/TRNA-1001-eng.png\" alt=\"TRNA-1001\" itemprop=\"image\" height=\"548\" width=\"661\" title=\"TRNA-1001-eng\" onerror=\"this.style.display='none'\"  sizes=\"auto, (max-width: 768px) 100vw, 100vw\" srcset=\"data:image\/svg+xml;utf8,&lt;svg%20xmlns=&quot;http:\/\/www.w3.org\/2000\/svg&quot;%20viewBox=&quot;0%200%20661%20548&quot;%20height=&quot;548px&quot;%20width=&quot;661px&quot;\/&gt;\" data-srcset=\"https:\/\/teurona.com\/wp-content\/uploads\/2022\/02\/TRNA-1001-eng.png 661w, https:\/\/teurona.com\/wp-content\/uploads\/2022\/02\/TRNA-1001-eng-300x249.png 300w, https:\/\/teurona.com\/wp-content\/uploads\/2022\/02\/TRNA-1001-eng-14x12.png 14w, https:\/\/teurona.com\/wp-content\/uploads\/2022\/02\/TRNA-1001-eng-315x261@2x.png 630w, https:\/\/teurona.com\/wp-content\/uploads\/2022\/02\/TRNA-1001-eng-420x348.png 420w, https:\/\/teurona.com\/wp-content\/uploads\/2022\/02\/TRNA-1001-eng-315x261.png 315w, https:\/\/teurona.com\/wp-content\/uploads\/2022\/02\/TRNA-1001-eng-300x249@2x.png 600w\" \/>\t\t\t\t\t\t\t\n<h2>\n\t\u00bfA\u00fan tienes preguntas?\n\t<\/h2>\n\t<p>D\u00e9janos tu informaci\u00f3n y nos pondremos en contacto contigo.<\/p>\n    Notice: JavaScript is required for this content.\n        <!-- TODO: Move to Template File. -->\n        \n<\/div><!-- .vgblk-rw-wrapper -->","protected":false},"excerpt":{"rendered":"<p>A growing ecosystem Teurona works with leaders and professionals in ethics and compliance to implement a complete solution for your company Legal counsel for implementation of E&amp;C programs and complying&#8230;<\/p>","protected":false},"author":1,"featured_media":0,"parent":0,"menu_order":0,"comment_status":"closed","ping_status":"closed","template":"","meta":{"inline_featured_image":false,"footnotes":""},"class_list":["post-987787","page","type-page","status-publish","hentry"],"yoast_head":"<!-- This site is optimized with the Yoast SEO plugin v27.6 - https:\/\/yoast.com\/product\/yoast-seo-wordpress\/ -->\n<title>Partners - Your ethic and compliance program in one place<\/title>\n<meta name=\"robots\" content=\"index, follow, max-snippet:-1, max-image-preview:large, max-video-preview:-1\" \/>\n<link rel=\"canonical\" href=\"https:\/\/teurona.com\/esp\/partners\/\" \/>\n<meta property=\"og:locale\" content=\"es_ES\" \/>\n<meta property=\"og:type\" content=\"article\" \/>\n<meta property=\"og:title\" content=\"Partners - Your ethic and compliance program in one place\" \/>\n<meta property=\"og:description\" content=\"A growing ecosystem Teurona works with leaders and professionals in ethics and compliance to implement a complete solution for your company Legal counsel for implementation of E&amp;C programs and complying...\" \/>\n<meta property=\"og:url\" content=\"https:\/\/teurona.com\/esp\/partners\/\" \/>\n<meta property=\"og:site_name\" content=\"Your ethic and compliance program in one place\" \/>\n<meta property=\"article:modified_time\" content=\"2022-02-02T18:27:56+00:00\" \/>\n<meta property=\"og:image\" content=\"https:\/\/teurona.com\/wp-content\/uploads\/2021\/12\/iconlegal.png\" \/>\n<meta name=\"twitter:card\" content=\"summary_large_image\" \/>\n<meta name=\"twitter:label1\" content=\"Tiempo de lectura\" \/>\n\t<meta name=\"twitter:data1\" content=\"2 minutos\" \/>\n<script type=\"application\/ld+json\" class=\"yoast-schema-graph\">{\"@context\":\"https:\\\/\\\/schema.org\",\"@graph\":[{\"@type\":\"WebPage\",\"@id\":\"https:\\\/\\\/teurona.com\\\/partners\\\/\",\"url\":\"https:\\\/\\\/teurona.com\\\/partners\\\/\",\"name\":\"Partners - Your ethic and compliance program in one place\",\"isPartOf\":{\"@id\":\"https:\\\/\\\/teurona.com\\\/es\\\/#website\"},\"primaryImageOfPage\":{\"@id\":\"https:\\\/\\\/teurona.com\\\/partners\\\/#primaryimage\"},\"image\":{\"@id\":\"https:\\\/\\\/teurona.com\\\/partners\\\/#primaryimage\"},\"thumbnailUrl\":\"https:\\\/\\\/teurona.com\\\/wp-content\\\/uploads\\\/2021\\\/12\\\/iconlegal.png\",\"datePublished\":\"2021-06-16T21:32:42+00:00\",\"dateModified\":\"2022-02-02T18:27:56+00:00\",\"breadcrumb\":{\"@id\":\"https:\\\/\\\/teurona.com\\\/partners\\\/#breadcrumb\"},\"inLanguage\":\"es\",\"potentialAction\":[{\"@type\":\"ReadAction\",\"target\":[\"https:\\\/\\\/teurona.com\\\/partners\\\/\"]}]},{\"@type\":\"ImageObject\",\"inLanguage\":\"es\",\"@id\":\"https:\\\/\\\/teurona.com\\\/partners\\\/#primaryimage\",\"url\":\"https:\\\/\\\/teurona.com\\\/wp-content\\\/uploads\\\/2021\\\/12\\\/iconlegal.png\",\"contentUrl\":\"https:\\\/\\\/teurona.com\\\/wp-content\\\/uploads\\\/2021\\\/12\\\/iconlegal.png\"},{\"@type\":\"BreadcrumbList\",\"@id\":\"https:\\\/\\\/teurona.com\\\/partners\\\/#breadcrumb\",\"itemListElement\":[{\"@type\":\"ListItem\",\"position\":1,\"name\":\"Home\",\"item\":\"https:\\\/\\\/teurona.com\\\/\"},{\"@type\":\"ListItem\",\"position\":2,\"name\":\"Partners\"}]},{\"@type\":\"WebSite\",\"@id\":\"https:\\\/\\\/teurona.com\\\/es\\\/#website\",\"url\":\"https:\\\/\\\/teurona.com\\\/es\\\/\",\"name\":\"Your ethic and compliance program in one place\",\"description\":\"\",\"publisher\":{\"@id\":\"https:\\\/\\\/teurona.com\\\/es\\\/#organization\"},\"potentialAction\":[{\"@type\":\"SearchAction\",\"target\":{\"@type\":\"EntryPoint\",\"urlTemplate\":\"https:\\\/\\\/teurona.com\\\/es\\\/?s={search_term_string}\"},\"query-input\":{\"@type\":\"PropertyValueSpecification\",\"valueRequired\":true,\"valueName\":\"search_term_string\"}}],\"inLanguage\":\"es\"},{\"@type\":\"Organization\",\"@id\":\"https:\\\/\\\/teurona.com\\\/es\\\/#organization\",\"name\":\"Teurona\",\"url\":\"https:\\\/\\\/teurona.com\\\/es\\\/\",\"logo\":{\"@type\":\"ImageObject\",\"inLanguage\":\"es\",\"@id\":\"https:\\\/\\\/teurona.com\\\/es\\\/#\\\/schema\\\/logo\\\/image\\\/\",\"url\":\"https:\\\/\\\/teurona.com\\\/wp-content\\\/uploads\\\/2021\\\/06\\\/Teurona-Logo.svg\",\"contentUrl\":\"https:\\\/\\\/teurona.com\\\/wp-content\\\/uploads\\\/2021\\\/06\\\/Teurona-Logo.svg\",\"width\":198,\"height\":41,\"caption\":\"Teurona\"},\"image\":{\"@id\":\"https:\\\/\\\/teurona.com\\\/es\\\/#\\\/schema\\\/logo\\\/image\\\/\"}}]}<\/script>\n<!-- \/ Yoast SEO plugin. -->","yoast_head_json":{"title":"Partners - Your ethic and compliance program in one place","robots":{"index":"index","follow":"follow","max-snippet":"max-snippet:-1","max-image-preview":"max-image-preview:large","max-video-preview":"max-video-preview:-1"},"canonical":"https:\/\/teurona.com\/esp\/partners\/","og_locale":"es_ES","og_type":"article","og_title":"Partners - Your ethic and compliance program in one place","og_description":"A growing ecosystem Teurona works with leaders and professionals in ethics and compliance to implement a complete solution for your company Legal counsel for implementation of E&amp;C programs and complying...","og_url":"https:\/\/teurona.com\/esp\/partners\/","og_site_name":"Your ethic and compliance program in one place","article_modified_time":"2022-02-02T18:27:56+00:00","og_image":[{"url":"https:\/\/teurona.com\/wp-content\/uploads\/2021\/12\/iconlegal.png","type":"","width":"","height":""}],"twitter_card":"summary_large_image","twitter_misc":{"Tiempo de lectura":"2 minutos"},"schema":{"@context":"https:\/\/schema.org","@graph":[{"@type":"WebPage","@id":"https:\/\/teurona.com\/partners\/","url":"https:\/\/teurona.com\/partners\/","name":"Partners - Your ethic and compliance program in one place","isPartOf":{"@id":"https:\/\/teurona.com\/es\/#website"},"primaryImageOfPage":{"@id":"https:\/\/teurona.com\/partners\/#primaryimage"},"image":{"@id":"https:\/\/teurona.com\/partners\/#primaryimage"},"thumbnailUrl":"https:\/\/teurona.com\/wp-content\/uploads\/2021\/12\/iconlegal.png","datePublished":"2021-06-16T21:32:42+00:00","dateModified":"2022-02-02T18:27:56+00:00","breadcrumb":{"@id":"https:\/\/teurona.com\/partners\/#breadcrumb"},"inLanguage":"es","potentialAction":[{"@type":"ReadAction","target":["https:\/\/teurona.com\/partners\/"]}]},{"@type":"ImageObject","inLanguage":"es","@id":"https:\/\/teurona.com\/partners\/#primaryimage","url":"https:\/\/teurona.com\/wp-content\/uploads\/2021\/12\/iconlegal.png","contentUrl":"https:\/\/teurona.com\/wp-content\/uploads\/2021\/12\/iconlegal.png"},{"@type":"BreadcrumbList","@id":"https:\/\/teurona.com\/partners\/#breadcrumb","itemListElement":[{"@type":"ListItem","position":1,"name":"Home","item":"https:\/\/teurona.com\/"},{"@type":"ListItem","position":2,"name":"Partners"}]},{"@type":"WebSite","@id":"https:\/\/teurona.com\/es\/#website","url":"https:\/\/teurona.com\/es\/","name":"Tu programa de \u00e9tica y cumplimiento en un solo lugar","description":"","publisher":{"@id":"https:\/\/teurona.com\/es\/#organization"},"potentialAction":[{"@type":"SearchAction","target":{"@type":"EntryPoint","urlTemplate":"https:\/\/teurona.com\/es\/?s={search_term_string}"},"query-input":{"@type":"PropertyValueSpecification","valueRequired":true,"valueName":"search_term_string"}}],"inLanguage":"es"},{"@type":"Organization","@id":"https:\/\/teurona.com\/es\/#organization","name":"Teurona","url":"https:\/\/teurona.com\/es\/","logo":{"@type":"ImageObject","inLanguage":"es","@id":"https:\/\/teurona.com\/es\/#\/schema\/logo\/image\/","url":"https:\/\/teurona.com\/wp-content\/uploads\/2021\/06\/Teurona-Logo.svg","contentUrl":"https:\/\/teurona.com\/wp-content\/uploads\/2021\/06\/Teurona-Logo.svg","width":198,"height":41,"caption":"Teurona"},"image":{"@id":"https:\/\/teurona.com\/es\/#\/schema\/logo\/image\/"}}]}},"_links":{"self":[{"href":"https:\/\/teurona.com\/esp\/wp-json\/wp\/v2\/pages\/987787","targetHints":{"allow":["GET"]}}],"collection":[{"href":"https:\/\/teurona.com\/esp\/wp-json\/wp\/v2\/pages"}],"about":[{"href":"https:\/\/teurona.com\/esp\/wp-json\/wp\/v2\/types\/page"}],"author":[{"embeddable":true,"href":"https:\/\/teurona.com\/esp\/wp-json\/wp\/v2\/users\/1"}],"replies":[{"embeddable":true,"href":"https:\/\/teurona.com\/esp\/wp-json\/wp\/v2\/comments?post=987787"}],"version-history":[{"count":18,"href":"https:\/\/teurona.com\/esp\/wp-json\/wp\/v2\/pages\/987787\/revisions"}],"predecessor-version":[{"id":988501,"href":"https:\/\/teurona.com\/esp\/wp-json\/wp\/v2\/pages\/987787\/revisions\/988501"}],"wp:attachment":[{"href":"https:\/\/teurona.com\/esp\/wp-json\/wp\/v2\/media?parent=987787"}],"curies":[{"name":"wp","href":"https:\/\/api.w.org\/{rel}","templated":true}]}}