{"id":988296,"date":"2021-12-23T18:24:30","date_gmt":"2021-12-23T18:24:30","guid":{"rendered":"https:\/\/teurona.com\/?page_id=988296"},"modified":"2022-01-06T20:55:05","modified_gmt":"2022-01-06T20:55:05","slug":"privacy-policy","status":"publish","type":"page","link":"https:\/\/teurona.com\/esp\/privacy-policy\/","title":{"rendered":"Pol\u00edticas de privacidad"},"content":{"rendered":"<div class=\"vgblk-rw-wrapper limit-wrapper\">\n\n\t<ul>\n<li class=\"translation-block\">TEURONA es propietaria de este sitio web y s\u00f3lo recoger\u00e1 informaci\u00f3n que contenga datos personales de usuarios y clientes que brinden su consentimiento para ello.<\/li>\n<li class=\"translation-block\">TEURONA tratar\u00e1 los datos personales proporcionados por los usuarios y clientes de este sitio, \u00fanicamente con la finalidad y en la modalidad detallada en esta Pol\u00edtica de Privacidad y en acuerdo con la normativa de la Rep\u00fablica del Ecuador en materia de Protecci\u00f3n de Datos Personales.<\/li>\n<li class=\"translation-block\">TEURONA se compromete a usar los datos personales que reciba, exclusivamente para los fines espec\u00edficos para los cuales el usuario o cliente los proporciona, no cedi\u00e9ndolos a terceros. Sin perjuicio de ello, se reserva la posibilidad de realizar el tratamiento de datos personales de los usuarios para utilizarlos en otros servicios de la empresa o de sus socios de negocios.<\/li>\n<li class=\"translation-block\">TEURONA ha implementado todas las medidas de seguridad necesarias para evitar que terceros no autorizados accedan a los datos. Ello incluye las medidas de seguridad f\u00edsicas y el acceso s\u00f3lo de empleados o subcontratistas que necesiten acceder a los datos por razones laborales, los cuales estar\u00e1n sujetos a cl\u00e1usulas de confidencialidad y obligaciones de secreto profesional.<\/li>\n<li class=\"translation-block\">TEURONA har\u00e1 los m\u00e1ximos esfuerzos para proteger los datos personales que le proporcionen los usuarios o clientes por esta web. Sin embargo, si en cumplimiento de obligaciones contractuales que asuma con terceros, o en el caso de que exista una orden judicial al respecto, TEURONA podr\u00e1 revelar algunos de los datos que tenga en su poder.<\/li>\n<li class=\"translation-block\">El Responsable de las bases de datos es TEURONA. Los titulares de la informaci\u00f3n, as\u00ed como los legalmente legitimados tendr\u00e1n derecho a: acceder, conocer, actualizar, rectificar, revocar y solicitar prueba de la autorizaci\u00f3n, as\u00ed como a la supresi\u00f3n de los datos personales en los casos contemplados en la Ley, para lo cual podr\u00e1n realizar su solicitud con nuestro centro de atenci\u00f3n al cliente, al correo electr\u00f3nico info@teurona.com , solicitudes que ser\u00e1n remitidas a las \u00e1reas correspondientes y responsables.<\/li>\n<\/ul>\n<h2>\n\t\u00bfA\u00fan tienes preguntas?\n\t<\/h2>\n\t<p>D\u00e9janos tu informaci\u00f3n y nos pondremos en contacto contigo.<\/p>\n    Notice: JavaScript is required for this content.\n        <!-- TODO: Move to Template File. -->\n        \n<\/div><!-- .vgblk-rw-wrapper -->","protected":false},"excerpt":{"rendered":"<p>TEURONA is the owner of this website and will only collect information that contains personal data of users and clients who provide their consent to do so. TEURONA will treat&#8230;<\/p>","protected":false},"author":1,"featured_media":0,"parent":0,"menu_order":0,"comment_status":"closed","ping_status":"closed","template":"","meta":{"inline_featured_image":false,"footnotes":""},"class_list":["post-988296","page","type-page","status-publish","hentry"],"yoast_head":"<!-- This site is optimized with the Yoast SEO plugin v27.6 - https:\/\/yoast.com\/product\/yoast-seo-wordpress\/ -->\n<title>Privacy Policy - Your ethic and compliance program in one place<\/title>\n<meta name=\"robots\" content=\"index, follow, max-snippet:-1, max-image-preview:large, max-video-preview:-1\" \/>\n<link rel=\"canonical\" href=\"https:\/\/teurona.com\/esp\/privacy-policy\/\" \/>\n<meta property=\"og:locale\" content=\"es_ES\" \/>\n<meta property=\"og:type\" content=\"article\" \/>\n<meta property=\"og:title\" content=\"Privacy Policy - Your ethic and compliance program in one place\" \/>\n<meta property=\"og:description\" content=\"TEURONA is the owner of this website and will only collect information that contains personal data of users and clients who provide their consent to do so. TEURONA will treat...\" \/>\n<meta property=\"og:url\" content=\"https:\/\/teurona.com\/esp\/privacy-policy\/\" \/>\n<meta property=\"og:site_name\" content=\"Your ethic and compliance program in one place\" \/>\n<meta property=\"article:modified_time\" content=\"2022-01-06T20:55:05+00:00\" \/>\n<meta name=\"twitter:card\" content=\"summary_large_image\" \/>\n<meta name=\"twitter:label1\" content=\"Tiempo de lectura\" \/>\n\t<meta name=\"twitter:data1\" content=\"2 minutos\" \/>\n<script type=\"application\/ld+json\" class=\"yoast-schema-graph\">{\"@context\":\"https:\\\/\\\/schema.org\",\"@graph\":[{\"@type\":\"WebPage\",\"@id\":\"https:\\\/\\\/teurona.com\\\/privacy-policy\\\/\",\"url\":\"https:\\\/\\\/teurona.com\\\/privacy-policy\\\/\",\"name\":\"Privacy Policy - Your ethic and compliance program in one place\",\"isPartOf\":{\"@id\":\"https:\\\/\\\/teurona.com\\\/es\\\/#website\"},\"datePublished\":\"2021-12-23T18:24:30+00:00\",\"dateModified\":\"2022-01-06T20:55:05+00:00\",\"breadcrumb\":{\"@id\":\"https:\\\/\\\/teurona.com\\\/privacy-policy\\\/#breadcrumb\"},\"inLanguage\":\"es\",\"potentialAction\":[{\"@type\":\"ReadAction\",\"target\":[\"https:\\\/\\\/teurona.com\\\/privacy-policy\\\/\"]}]},{\"@type\":\"BreadcrumbList\",\"@id\":\"https:\\\/\\\/teurona.com\\\/privacy-policy\\\/#breadcrumb\",\"itemListElement\":[{\"@type\":\"ListItem\",\"position\":1,\"name\":\"Home\",\"item\":\"https:\\\/\\\/teurona.com\\\/\"},{\"@type\":\"ListItem\",\"position\":2,\"name\":\"Privacy Policy\"}]},{\"@type\":\"WebSite\",\"@id\":\"https:\\\/\\\/teurona.com\\\/es\\\/#website\",\"url\":\"https:\\\/\\\/teurona.com\\\/es\\\/\",\"name\":\"Your ethic and compliance program in one place\",\"description\":\"\",\"publisher\":{\"@id\":\"https:\\\/\\\/teurona.com\\\/es\\\/#organization\"},\"potentialAction\":[{\"@type\":\"SearchAction\",\"target\":{\"@type\":\"EntryPoint\",\"urlTemplate\":\"https:\\\/\\\/teurona.com\\\/es\\\/?s={search_term_string}\"},\"query-input\":{\"@type\":\"PropertyValueSpecification\",\"valueRequired\":true,\"valueName\":\"search_term_string\"}}],\"inLanguage\":\"es\"},{\"@type\":\"Organization\",\"@id\":\"https:\\\/\\\/teurona.com\\\/es\\\/#organization\",\"name\":\"Teurona\",\"url\":\"https:\\\/\\\/teurona.com\\\/es\\\/\",\"logo\":{\"@type\":\"ImageObject\",\"inLanguage\":\"es\",\"@id\":\"https:\\\/\\\/teurona.com\\\/es\\\/#\\\/schema\\\/logo\\\/image\\\/\",\"url\":\"https:\\\/\\\/teurona.com\\\/wp-content\\\/uploads\\\/2021\\\/06\\\/Teurona-Logo.svg\",\"contentUrl\":\"https:\\\/\\\/teurona.com\\\/wp-content\\\/uploads\\\/2021\\\/06\\\/Teurona-Logo.svg\",\"width\":198,\"height\":41,\"caption\":\"Teurona\"},\"image\":{\"@id\":\"https:\\\/\\\/teurona.com\\\/es\\\/#\\\/schema\\\/logo\\\/image\\\/\"}}]}<\/script>\n<!-- \/ Yoast SEO plugin. -->","yoast_head_json":{"title":"Privacy Policy - Your ethic and compliance program in one place","robots":{"index":"index","follow":"follow","max-snippet":"max-snippet:-1","max-image-preview":"max-image-preview:large","max-video-preview":"max-video-preview:-1"},"canonical":"https:\/\/teurona.com\/esp\/privacy-policy\/","og_locale":"es_ES","og_type":"article","og_title":"Privacy Policy - Your ethic and compliance program in one place","og_description":"TEURONA is the owner of this website and will only collect information that contains personal data of users and clients who provide their consent to do so. TEURONA will treat...","og_url":"https:\/\/teurona.com\/esp\/privacy-policy\/","og_site_name":"Your ethic and compliance program in one place","article_modified_time":"2022-01-06T20:55:05+00:00","twitter_card":"summary_large_image","twitter_misc":{"Tiempo de lectura":"2 minutos"},"schema":{"@context":"https:\/\/schema.org","@graph":[{"@type":"WebPage","@id":"https:\/\/teurona.com\/privacy-policy\/","url":"https:\/\/teurona.com\/privacy-policy\/","name":"Privacy Policy - Your ethic and compliance program in one place","isPartOf":{"@id":"https:\/\/teurona.com\/es\/#website"},"datePublished":"2021-12-23T18:24:30+00:00","dateModified":"2022-01-06T20:55:05+00:00","breadcrumb":{"@id":"https:\/\/teurona.com\/privacy-policy\/#breadcrumb"},"inLanguage":"es","potentialAction":[{"@type":"ReadAction","target":["https:\/\/teurona.com\/privacy-policy\/"]}]},{"@type":"BreadcrumbList","@id":"https:\/\/teurona.com\/privacy-policy\/#breadcrumb","itemListElement":[{"@type":"ListItem","position":1,"name":"Home","item":"https:\/\/teurona.com\/"},{"@type":"ListItem","position":2,"name":"Privacy Policy"}]},{"@type":"WebSite","@id":"https:\/\/teurona.com\/es\/#website","url":"https:\/\/teurona.com\/es\/","name":"Tu programa de \u00e9tica y cumplimiento en un solo lugar","description":"","publisher":{"@id":"https:\/\/teurona.com\/es\/#organization"},"potentialAction":[{"@type":"SearchAction","target":{"@type":"EntryPoint","urlTemplate":"https:\/\/teurona.com\/es\/?s={search_term_string}"},"query-input":{"@type":"PropertyValueSpecification","valueRequired":true,"valueName":"search_term_string"}}],"inLanguage":"es"},{"@type":"Organization","@id":"https:\/\/teurona.com\/es\/#organization","name":"Teurona","url":"https:\/\/teurona.com\/es\/","logo":{"@type":"ImageObject","inLanguage":"es","@id":"https:\/\/teurona.com\/es\/#\/schema\/logo\/image\/","url":"https:\/\/teurona.com\/wp-content\/uploads\/2021\/06\/Teurona-Logo.svg","contentUrl":"https:\/\/teurona.com\/wp-content\/uploads\/2021\/06\/Teurona-Logo.svg","width":198,"height":41,"caption":"Teurona"},"image":{"@id":"https:\/\/teurona.com\/es\/#\/schema\/logo\/image\/"}}]}},"_links":{"self":[{"href":"https:\/\/teurona.com\/esp\/wp-json\/wp\/v2\/pages\/988296","targetHints":{"allow":["GET"]}}],"collection":[{"href":"https:\/\/teurona.com\/esp\/wp-json\/wp\/v2\/pages"}],"about":[{"href":"https:\/\/teurona.com\/esp\/wp-json\/wp\/v2\/types\/page"}],"author":[{"embeddable":true,"href":"https:\/\/teurona.com\/esp\/wp-json\/wp\/v2\/users\/1"}],"replies":[{"embeddable":true,"href":"https:\/\/teurona.com\/esp\/wp-json\/wp\/v2\/comments?post=988296"}],"version-history":[{"count":4,"href":"https:\/\/teurona.com\/esp\/wp-json\/wp\/v2\/pages\/988296\/revisions"}],"predecessor-version":[{"id":988364,"href":"https:\/\/teurona.com\/esp\/wp-json\/wp\/v2\/pages\/988296\/revisions\/988364"}],"wp:attachment":[{"href":"https:\/\/teurona.com\/esp\/wp-json\/wp\/v2\/media?parent=988296"}],"curies":[{"name":"wp","href":"https:\/\/api.w.org\/{rel}","templated":true}]}}