{"id":988305,"date":"2021-12-23T19:03:54","date_gmt":"2021-12-23T19:03:54","guid":{"rendered":"https:\/\/teurona.com\/?page_id=988305"},"modified":"2021-12-23T20:18:08","modified_gmt":"2021-12-23T20:18:08","slug":"terms-and-conditions","status":"publish","type":"page","link":"https:\/\/teurona.com\/esp\/terms-and-conditions\/","title":{"rendered":"T\u00e9rminos y condiciones de uso"},"content":{"rendered":"<div class=\"vgblk-rw-wrapper limit-wrapper\">\n<ul>\n<li>By accessing our website www.teurona.com (hereinafter the &#8220;Website&#8221;), you are bound by the following terms and conditions described below:\n<p>El acceso y \/ o uso del Sitio Web atribuye, a quien accede, la condici\u00f3n de usuario, aceptando y adhiri\u00e9ndose, desde ese momento, plenamente y sin reserva alguna a los t\u00e9rminos y condiciones de uso. Si no est\u00e1 dispuesto a cumplirlas, le solicitamos que no acceda a este Sitio Web.<\/p>\n<p>&nbsp;<\/p>\n<p><strong>ART\u00cdCULO 1: USO DEL SITIO WEB, SUS SERVICIOS Y CONTENIDOS<\/strong><\/p>\n<p>Entering any section of this website constitutes the user&#8217;s consent to use the website and its services and contents without contravening current legislation, good faith, generally accepted uses and public order, morals and good customs. Likewise, the use of the Website for illicit or harmful purposes against the Website or any third party, or that, in any way, may cause damage or impede the normal functioning of the Website is prohibited.<\/p>\n<p>Respecto al detalle de los contenidos (informaci\u00f3n, textos, gr\u00e1ficos, archivos de sonido y \/ o imagen, fotograf\u00edas, dise\u00f1os y cualquier otra informaci\u00f3n disponible en el Sitio Web), queda expresamente prohibido:<\/p>\n<ul>\n<li>Su reproducci\u00f3n, distribuci\u00f3n o modificaci\u00f3n, salvo que cuente con la autorizaci\u00f3n de sus leg\u00edtimos titulares o est\u00e9 legalmente permitido.<\/li>\n<li>Cualquier vulneraci\u00f3n de los derechos del Sitio Web o de sus leg\u00edtimos titulares sobre los mismos.<\/li>\n<li>Su uso para cualquier fin comercial o publicitario que no haya sido autorizado por escrito.<\/li>\n<li>Cualquier intento de obtener los contenidos del Sitio Web por cualquier medio distinto de los puestos a disposici\u00f3n de los usuarios, as\u00ed como los habitualmente utilizados en la red.<\/li>\n<\/ul>\n<p>&nbsp;<\/p>\n<p><strong>ARTICLE 2: USER&#8217;S LIABILITY FOR DAMAGES AND DAMAGES<\/strong><\/p>\n<p>El uso del Sitio Web se realizar\u00e1 bajo la \u00fanica y exclusiva responsabilidad del usuario quien responder\u00e1 de los da\u00f1os y perjuicios de toda naturaleza que TEURONA o este Sitio Web puedan sufrir como consecuencia del incumplimiento o mal uso por su parte de cualquiera de las obligaciones. al cual est\u00e1 sujeto a la aceptaci\u00f3n de los t\u00e9rminos y condiciones de uso aqu\u00ed establecidos.<\/p>\n<p>&nbsp;<\/p>\n<p><strong>ART\u00cdCULO 3: MODIFICACI\u00d3N UNILATERAL<\/strong><\/p>\n<p>TEURONA se reserva el derecho a modificar unilateralmente y sin previo aviso los t\u00e9rminos y condiciones de uso de este Sitio Web, que se encuentran vigentes desde su publicaci\u00f3n en este sitio, as\u00ed como modificar o eliminar los servicios, contenidos y condiciones de acceso y \/ o uso del sitio web.<\/p>\n<p>&nbsp;<\/p>\n<p><strong>ART\u00cdCULO 4: HIPERV\u00cdNCULOS<\/strong><\/p>\n<p>The establishment of any &#8220;hyperlink&#8221; between a page of another portal and any of the pages of the Website will be subject to the following conditions:<\/p>\n<ul>\n<li>No se permite la reproducci\u00f3n total o parcial de ninguno de los servicios o contenidos del Sitio Web.<\/li>\n<li>Under no circumstances will the Website be responsible for the content or services made available to the public on the Website from which the &#8220;hyperlink&#8221; of the information and statements included therein is made.<\/li>\n<\/ul>\n<p>&nbsp;<\/p>\n<p><strong>ART\u00cdCULO 5: EXCLUSI\u00d3N DE GARANT\u00cdAS Y RESPONSABILIDAD<\/strong><\/p>\n<p>TEURONA no otorga garant\u00eda alguna ni responde, en ning\u00fan caso, por los da\u00f1os y perjuicios de cualquier naturaleza, ya sean directos o indirectos, mediatos o inmediatos, eventuales, incidentales o consecuentes que pudieran basarse en:<\/p>\n<ul>\n<li>Falta de disponibilidad, mantenimiento y efectivo funcionamiento del Sitio Web y \/ o sus servicios o contenidos.<\/li>\n<li>La existencia de virus, programas maliciosos o lesivos en los contenidos, incluidos los riesgos de da\u00f1os en el software o hardware.<\/li>\n<li>La recepci\u00f3n, almacenamiento, difusi\u00f3n o transmisi\u00f3n, por parte de los usuarios, de los contenidos.<\/li>\n<li>El uso o imposibilidad de uso de este Sitio Web o error, inexactitud, omisi\u00f3n, retraso o contenido desactualizado de este.<\/li>\n<li>El uso il\u00edcito, negligente, fraudulento, contrario a estos T\u00e9rminos y Condiciones de Uso, de buena fe, usos generalmente aceptados o el orden p\u00fablico, del Sitio Web, sus servicios o contenidos, por parte de los usuarios.<\/li>\n<li>El uso de la informaci\u00f3n aqu\u00ed contenida.<\/li>\n<li>Incumplimiento por parte de terceros de sus obligaciones o compromisos en relaci\u00f3n con los servicios prestados a los usuarios a trav\u00e9s del Sitio Web.<\/li>\n<\/ul>\n<p>&nbsp;<\/p>\n<p><strong>ART\u00cdCULO 6: DURACI\u00d3N<\/strong><\/p>\nLa duraci\u00f3n de la prestaci\u00f3n del servicio y los servicios del Sitio Web es indefinida. Sin perjuicio de lo anterior, TEURONA se reserva el derecho a interrumpir, suspender o dar por terminada la prestaci\u00f3n del servicio del Sitio Web o de cualquiera de los servicios que lo integran, sin previo aviso, en los mismos t\u00e9rminos previstos en la tercera condici\u00f3n.<\/li>\n<\/ul>\n<h2>\n\t\u00bfA\u00fan tienes preguntas?\n\t<\/h2>\n\t<p>D\u00e9janos tu informaci\u00f3n y nos pondremos en contacto contigo.<\/p>\n    Notice: JavaScript is required for this content.\n        <!-- TODO: Move to Template File. -->\n<\/div><!-- .vgblk-rw-wrapper -->","protected":false},"excerpt":{"rendered":"<p>By accessing our website www.teurona.com (hereinafter the &#8220;Website&#8221;), you are bound by the following terms and conditions described below: The access and\/or use of the Website attributes, to whoever accesses,&#8230;<\/p>","protected":false},"author":1,"featured_media":0,"parent":0,"menu_order":0,"comment_status":"closed","ping_status":"closed","template":"","meta":{"inline_featured_image":false,"footnotes":""},"class_list":["post-988305","page","type-page","status-publish","hentry"],"yoast_head":"<!-- This site is optimized with the Yoast SEO plugin v27.6 - https:\/\/yoast.com\/product\/yoast-seo-wordpress\/ -->\n<title>Terms and conditions of use - Your ethic and compliance program in one place<\/title>\n<meta name=\"robots\" content=\"index, follow, max-snippet:-1, max-image-preview:large, max-video-preview:-1\" \/>\n<link rel=\"canonical\" href=\"https:\/\/teurona.com\/esp\/terms-and-conditions\/\" \/>\n<meta property=\"og:locale\" content=\"es_ES\" \/>\n<meta property=\"og:type\" content=\"article\" \/>\n<meta property=\"og:title\" content=\"Terms and conditions of use - Your ethic and compliance program in one place\" \/>\n<meta property=\"og:description\" content=\"By accessing our website www.teurona.com (hereinafter the &#8220;Website&#8221;), you are bound by the following terms and conditions described below: The access and\/or use of the Website attributes, to whoever accesses,...\" \/>\n<meta property=\"og:url\" content=\"https:\/\/teurona.com\/esp\/terms-and-conditions\/\" \/>\n<meta property=\"og:site_name\" content=\"Your ethic and compliance program in one place\" \/>\n<meta property=\"article:modified_time\" content=\"2021-12-23T20:18:08+00:00\" \/>\n<meta name=\"twitter:card\" content=\"summary_large_image\" \/>\n<meta name=\"twitter:label1\" content=\"Tiempo de lectura\" \/>\n\t<meta name=\"twitter:data1\" content=\"4 minutos\" \/>\n<script type=\"application\/ld+json\" class=\"yoast-schema-graph\">{\"@context\":\"https:\\\/\\\/schema.org\",\"@graph\":[{\"@type\":\"WebPage\",\"@id\":\"https:\\\/\\\/teurona.com\\\/terms-and-conditions\\\/\",\"url\":\"https:\\\/\\\/teurona.com\\\/terms-and-conditions\\\/\",\"name\":\"Terms and conditions of use - Your ethic and compliance program in one place\",\"isPartOf\":{\"@id\":\"https:\\\/\\\/teurona.com\\\/es\\\/#website\"},\"datePublished\":\"2021-12-23T19:03:54+00:00\",\"dateModified\":\"2021-12-23T20:18:08+00:00\",\"breadcrumb\":{\"@id\":\"https:\\\/\\\/teurona.com\\\/terms-and-conditions\\\/#breadcrumb\"},\"inLanguage\":\"es\",\"potentialAction\":[{\"@type\":\"ReadAction\",\"target\":[\"https:\\\/\\\/teurona.com\\\/terms-and-conditions\\\/\"]}]},{\"@type\":\"BreadcrumbList\",\"@id\":\"https:\\\/\\\/teurona.com\\\/terms-and-conditions\\\/#breadcrumb\",\"itemListElement\":[{\"@type\":\"ListItem\",\"position\":1,\"name\":\"Home\",\"item\":\"https:\\\/\\\/teurona.com\\\/\"},{\"@type\":\"ListItem\",\"position\":2,\"name\":\"Terms and conditions of use\"}]},{\"@type\":\"WebSite\",\"@id\":\"https:\\\/\\\/teurona.com\\\/es\\\/#website\",\"url\":\"https:\\\/\\\/teurona.com\\\/es\\\/\",\"name\":\"Your ethic and compliance program in one place\",\"description\":\"\",\"publisher\":{\"@id\":\"https:\\\/\\\/teurona.com\\\/es\\\/#organization\"},\"potentialAction\":[{\"@type\":\"SearchAction\",\"target\":{\"@type\":\"EntryPoint\",\"urlTemplate\":\"https:\\\/\\\/teurona.com\\\/es\\\/?s={search_term_string}\"},\"query-input\":{\"@type\":\"PropertyValueSpecification\",\"valueRequired\":true,\"valueName\":\"search_term_string\"}}],\"inLanguage\":\"es\"},{\"@type\":\"Organization\",\"@id\":\"https:\\\/\\\/teurona.com\\\/es\\\/#organization\",\"name\":\"Teurona\",\"url\":\"https:\\\/\\\/teurona.com\\\/es\\\/\",\"logo\":{\"@type\":\"ImageObject\",\"inLanguage\":\"es\",\"@id\":\"https:\\\/\\\/teurona.com\\\/es\\\/#\\\/schema\\\/logo\\\/image\\\/\",\"url\":\"https:\\\/\\\/teurona.com\\\/wp-content\\\/uploads\\\/2021\\\/06\\\/Teurona-Logo.svg\",\"contentUrl\":\"https:\\\/\\\/teurona.com\\\/wp-content\\\/uploads\\\/2021\\\/06\\\/Teurona-Logo.svg\",\"width\":198,\"height\":41,\"caption\":\"Teurona\"},\"image\":{\"@id\":\"https:\\\/\\\/teurona.com\\\/es\\\/#\\\/schema\\\/logo\\\/image\\\/\"}}]}<\/script>\n<!-- \/ Yoast SEO plugin. -->","yoast_head_json":{"title":"Terms and conditions of use - Your ethic and compliance program in one place","robots":{"index":"index","follow":"follow","max-snippet":"max-snippet:-1","max-image-preview":"max-image-preview:large","max-video-preview":"max-video-preview:-1"},"canonical":"https:\/\/teurona.com\/esp\/terms-and-conditions\/","og_locale":"es_ES","og_type":"article","og_title":"Terms and conditions of use - Your ethic and compliance program in one place","og_description":"By accessing our website www.teurona.com (hereinafter the &#8220;Website&#8221;), you are bound by the following terms and conditions described below: The access and\/or use of the Website attributes, to whoever accesses,...","og_url":"https:\/\/teurona.com\/esp\/terms-and-conditions\/","og_site_name":"Your ethic and compliance program in one place","article_modified_time":"2021-12-23T20:18:08+00:00","twitter_card":"summary_large_image","twitter_misc":{"Tiempo de lectura":"4 minutos"},"schema":{"@context":"https:\/\/schema.org","@graph":[{"@type":"WebPage","@id":"https:\/\/teurona.com\/terms-and-conditions\/","url":"https:\/\/teurona.com\/terms-and-conditions\/","name":"Terms and conditions of use - Your ethic and compliance program in one place","isPartOf":{"@id":"https:\/\/teurona.com\/es\/#website"},"datePublished":"2021-12-23T19:03:54+00:00","dateModified":"2021-12-23T20:18:08+00:00","breadcrumb":{"@id":"https:\/\/teurona.com\/terms-and-conditions\/#breadcrumb"},"inLanguage":"es","potentialAction":[{"@type":"ReadAction","target":["https:\/\/teurona.com\/terms-and-conditions\/"]}]},{"@type":"BreadcrumbList","@id":"https:\/\/teurona.com\/terms-and-conditions\/#breadcrumb","itemListElement":[{"@type":"ListItem","position":1,"name":"Home","item":"https:\/\/teurona.com\/"},{"@type":"ListItem","position":2,"name":"Terms and conditions of use"}]},{"@type":"WebSite","@id":"https:\/\/teurona.com\/es\/#website","url":"https:\/\/teurona.com\/es\/","name":"Tu programa de \u00e9tica y cumplimiento en un solo lugar","description":"","publisher":{"@id":"https:\/\/teurona.com\/es\/#organization"},"potentialAction":[{"@type":"SearchAction","target":{"@type":"EntryPoint","urlTemplate":"https:\/\/teurona.com\/es\/?s={search_term_string}"},"query-input":{"@type":"PropertyValueSpecification","valueRequired":true,"valueName":"search_term_string"}}],"inLanguage":"es"},{"@type":"Organization","@id":"https:\/\/teurona.com\/es\/#organization","name":"Teurona","url":"https:\/\/teurona.com\/es\/","logo":{"@type":"ImageObject","inLanguage":"es","@id":"https:\/\/teurona.com\/es\/#\/schema\/logo\/image\/","url":"https:\/\/teurona.com\/wp-content\/uploads\/2021\/06\/Teurona-Logo.svg","contentUrl":"https:\/\/teurona.com\/wp-content\/uploads\/2021\/06\/Teurona-Logo.svg","width":198,"height":41,"caption":"Teurona"},"image":{"@id":"https:\/\/teurona.com\/es\/#\/schema\/logo\/image\/"}}]}},"_links":{"self":[{"href":"https:\/\/teurona.com\/esp\/wp-json\/wp\/v2\/pages\/988305","targetHints":{"allow":["GET"]}}],"collection":[{"href":"https:\/\/teurona.com\/esp\/wp-json\/wp\/v2\/pages"}],"about":[{"href":"https:\/\/teurona.com\/esp\/wp-json\/wp\/v2\/types\/page"}],"author":[{"embeddable":true,"href":"https:\/\/teurona.com\/esp\/wp-json\/wp\/v2\/users\/1"}],"replies":[{"embeddable":true,"href":"https:\/\/teurona.com\/esp\/wp-json\/wp\/v2\/comments?post=988305"}],"version-history":[{"count":4,"href":"https:\/\/teurona.com\/esp\/wp-json\/wp\/v2\/pages\/988305\/revisions"}],"predecessor-version":[{"id":988323,"href":"https:\/\/teurona.com\/esp\/wp-json\/wp\/v2\/pages\/988305\/revisions\/988323"}],"wp:attachment":[{"href":"https:\/\/teurona.com\/esp\/wp-json\/wp\/v2\/media?parent=988305"}],"curies":[{"name":"wp","href":"https:\/\/api.w.org\/{rel}","templated":true}]}}